{"id":938,"date":"2023-09-22T17:57:22","date_gmt":"2023-09-22T15:57:22","guid":{"rendered":"http:\/\/teambha.cz\/?post_type=product&#038;p=938"},"modified":"2026-04-14T06:04:58","modified_gmt":"2026-04-14T04:04:58","slug":"batoh-ccm-team-2023-x-teambha","status":"publish","type":"product","link":"https:\/\/teambha.cz\/en\/product\/batoh-ccm-team-2023-x-teambha\/","title":{"rendered":"BATOH CCM TEAM 2023 X TEAMBHA"},"content":{"rendered":"<p>Nov\u00fd model batohu CCM x TEAMBHA st\u0159\u00edd\u00e1 model z roku 2020, kter\u00fd byl hit l\u00e9ta! Zcela nov\u00fd model je mnohem pevn\u011bj\u0161\u00ed a je\u0161t\u011b v\u00edce pohodln\u011bj\u0161\u00ed k no\u0161en\u00ed d\u00edky pohodln\u00fdm polstrovan\u00fdm popruh\u016fm. Materi\u00e1l je velice pevn\u00fd a p\u0159ipraven\u00fd, i na te\u017ek\u00e9 p\u0159edm\u011bty!<\/p>\n<p><strong>BARVA:\u00a0<\/strong>\u010cern\u00e1<strong><br \/>\nMATERI\u00c1L:<\/strong>\u00a0600D ripstop polyesterov\u00e1 konstrukce.<br \/>\n<strong>VLASTNOSTI:<\/strong>\u00a0Prostorn\u00e1 hlavn\u00ed kapsa + kapsy na p\u0159\u00edslu\u0161enstv\u00ed.\u00a0Polstrovan\u00e9 pouzdro na notebook.Polstrovan\u00e9 popruhy a z\u00e1da.<\/p>","protected":false},"excerpt":{"rendered":"<p>Nov\u00fd model batohu CCM x TEAMBHA st\u0159\u00edd\u00e1 model z roku 2020, kter\u00fd byl hit l\u00e9ta! Zcela nov\u00fd model je mnohem pevn\u011bj\u0161\u00ed a je\u0161t\u011b v\u00edce pohodln\u011bj\u0161\u00ed k no\u0161en\u00ed d\u00edky pohodln\u00fdm polstrovan\u00fdm popruh\u016fm. Materi\u00e1l je velice pevn\u00fd a p\u0159ipraven\u00fd, i na te\u017ek\u00e9 p\u0159edm\u011bty!<\/p>\n<p><strong>BARVA:\u00a0<\/strong>\u010cern\u00e1<strong><br \/>\nMATERI\u00c1L:<\/strong>\u00a0600D ripstop polyesterov\u00e1 konstrukce.<br \/>\n<strong>VLASTNOSTI:<\/strong>\u00a0Prostorn\u00e1 hlavn\u00ed kapsa + kapsy na p\u0159\u00edslu\u0161enstv\u00ed.\u00a0Polstrovan\u00e9 pouzdro na notebook.Polstrovan\u00e9 popruhy a z\u00e1da.<\/p>","protected":false},"featured_media":939,"template":"","meta":{"_acf_changed":false},"product_brand":[],"product_cat":[19],"product_tag":[],"class_list":{"0":"post-938","1":"product","2":"type-product","3":"status-publish","4":"has-post-thumbnail","6":"product_cat-nezarazene","8":"first","9":"instock","10":"sale","11":"taxable","12":"shipping-taxable","13":"purchasable","14":"product-type-simple"},"acf":[],"yoast_head":"<!-- This site is optimized with the Yoast SEO plugin v27.4 - https:\/\/yoast.com\/product\/yoast-seo-wordpress\/ -->\n<title>BATOH CCM TEAM 2023 X TEAMBHA - TEAMBHA<\/title>\n<meta name=\"robots\" content=\"index, follow, max-snippet:-1, max-image-preview:large, max-video-preview:-1\" \/>\n<link rel=\"canonical\" href=\"https:\/\/teambha.cz\/en\/product\/batoh-ccm-team-2023-x-teambha\/\" \/>\n<meta property=\"og:locale\" content=\"en_GB\" \/>\n<meta property=\"og:type\" content=\"article\" \/>\n<meta property=\"og:title\" content=\"BATOH CCM TEAM 2023 X TEAMBHA - TEAMBHA\" \/>\n<meta property=\"og:description\" content=\"Nov\u00fd model batohu CCM x TEAMBHA st\u0159\u00edd\u00e1 model z roku 2020, kter\u00fd byl hit l\u00e9ta! Zcela nov\u00fd model je mnohem pevn\u011bj\u0161\u00ed a je\u0161t\u011b v\u00edce pohodln\u011bj\u0161\u00ed k no\u0161en\u00ed d\u00edky pohodln\u00fdm polstrovan\u00fdm popruh\u016fm. Materi\u00e1l je velice pevn\u00fd a p\u0159ipraven\u00fd, i na te\u017ek\u00e9 p\u0159edm\u011bty!  BARVA:\u00a0\u010cern\u00e1 MATERI\u00c1L:\u00a0600D ripstop polyesterov\u00e1 konstrukce. VLASTNOSTI:\u00a0Prostorn\u00e1 hlavn\u00ed kapsa + kapsy na p\u0159\u00edslu\u0161enstv\u00ed.\u00a0Polstrovan\u00e9 pouzdro na notebook.Polstrovan\u00e9 popruhy a z\u00e1da.\" \/>\n<meta property=\"og:url\" content=\"https:\/\/teambha.cz\/en\/product\/batoh-ccm-team-2023-x-teambha\/\" \/>\n<meta property=\"og:site_name\" content=\"TEAMBHA\" \/>\n<meta property=\"article:publisher\" content=\"https:\/\/www.facebook.com\/teambhahokej\" \/>\n<meta property=\"article:modified_time\" content=\"2026-04-14T04:04:58+00:00\" \/>\n<meta property=\"og:image\" content=\"https:\/\/teambha.cz\/wp-content\/uploads\/2023\/06\/BATOH-CCM-TEAM-2023-X-TEAMBHA.webp\" \/>\n\t<meta property=\"og:image:width\" content=\"1080\" \/>\n\t<meta property=\"og:image:height\" content=\"1080\" \/>\n\t<meta property=\"og:image:type\" content=\"image\/webp\" \/>\n<meta name=\"twitter:card\" content=\"summary_large_image\" \/>\n<meta name=\"twitter:label1\" content=\"Estimated reading time\" \/>\n\t<meta name=\"twitter:data1\" content=\"1 minute\" \/>\n<script type=\"application\/ld+json\" class=\"yoast-schema-graph\">{\"@context\":\"https:\\\/\\\/schema.org\",\"@graph\":[{\"@type\":\"WebPage\",\"@id\":\"https:\\\/\\\/teambha.cz\\\/en\\\/product\\\/batoh-ccm-team-2023-x-teambha\\\/\",\"url\":\"https:\\\/\\\/teambha.cz\\\/en\\\/product\\\/batoh-ccm-team-2023-x-teambha\\\/\",\"name\":\"BATOH CCM TEAM 2023 X TEAMBHA - TEAMBHA\",\"isPartOf\":{\"@id\":\"https:\\\/\\\/teambha.cz\\\/#website\"},\"primaryImageOfPage\":{\"@id\":\"https:\\\/\\\/teambha.cz\\\/en\\\/product\\\/batoh-ccm-team-2023-x-teambha\\\/#primaryimage\"},\"image\":{\"@id\":\"https:\\\/\\\/teambha.cz\\\/en\\\/product\\\/batoh-ccm-team-2023-x-teambha\\\/#primaryimage\"},\"thumbnailUrl\":\"https:\\\/\\\/teambha.cz\\\/wp-content\\\/uploads\\\/2023\\\/06\\\/BATOH-CCM-TEAM-2023-X-TEAMBHA.webp\",\"datePublished\":\"2023-09-22T15:57:22+00:00\",\"dateModified\":\"2026-04-14T04:04:58+00:00\",\"breadcrumb\":{\"@id\":\"https:\\\/\\\/teambha.cz\\\/en\\\/product\\\/batoh-ccm-team-2023-x-teambha\\\/#breadcrumb\"},\"inLanguage\":\"en-GB\",\"potentialAction\":[{\"@type\":\"ReadAction\",\"target\":[\"https:\\\/\\\/teambha.cz\\\/en\\\/product\\\/batoh-ccm-team-2023-x-teambha\\\/\"]}]},{\"@type\":\"ImageObject\",\"inLanguage\":\"en-GB\",\"@id\":\"https:\\\/\\\/teambha.cz\\\/en\\\/product\\\/batoh-ccm-team-2023-x-teambha\\\/#primaryimage\",\"url\":\"https:\\\/\\\/teambha.cz\\\/wp-content\\\/uploads\\\/2023\\\/06\\\/BATOH-CCM-TEAM-2023-X-TEAMBHA.webp\",\"contentUrl\":\"https:\\\/\\\/teambha.cz\\\/wp-content\\\/uploads\\\/2023\\\/06\\\/BATOH-CCM-TEAM-2023-X-TEAMBHA.webp\",\"width\":1080,\"height\":1080},{\"@type\":\"BreadcrumbList\",\"@id\":\"https:\\\/\\\/teambha.cz\\\/en\\\/product\\\/batoh-ccm-team-2023-x-teambha\\\/#breadcrumb\",\"itemListElement\":[{\"@type\":\"ListItem\",\"position\":1,\"name\":\"Dom\u016f\",\"item\":\"https:\\\/\\\/www.teambha.cz\\\/\"},{\"@type\":\"ListItem\",\"position\":2,\"name\":\"Obchod\",\"item\":\"https:\\\/\\\/www.teambha.cz\\\/obchod\\\/\"},{\"@type\":\"ListItem\",\"position\":3,\"name\":\"BATOH CCM TEAM 2023 X TEAMBHA\"}]},{\"@type\":\"WebSite\",\"@id\":\"https:\\\/\\\/teambha.cz\\\/#website\",\"url\":\"https:\\\/\\\/teambha.cz\\\/\",\"name\":\"TEAMBHA\",\"description\":\"Brank\u00e1\u0159sk\u00e1 hokejov\u00e1 akademie\",\"publisher\":{\"@id\":\"https:\\\/\\\/teambha.cz\\\/#organization\"},\"potentialAction\":[{\"@type\":\"SearchAction\",\"target\":{\"@type\":\"EntryPoint\",\"urlTemplate\":\"https:\\\/\\\/teambha.cz\\\/?s={search_term_string}\"},\"query-input\":{\"@type\":\"PropertyValueSpecification\",\"valueRequired\":true,\"valueName\":\"search_term_string\"}}],\"inLanguage\":\"en-GB\"},{\"@type\":\"Organization\",\"@id\":\"https:\\\/\\\/teambha.cz\\\/#organization\",\"name\":\"TEAMBHA\",\"url\":\"https:\\\/\\\/teambha.cz\\\/\",\"logo\":{\"@type\":\"ImageObject\",\"inLanguage\":\"en-GB\",\"@id\":\"https:\\\/\\\/teambha.cz\\\/#\\\/schema\\\/logo\\\/image\\\/\",\"url\":\"https:\\\/\\\/teambha.cz\\\/wp-content\\\/uploads\\\/2023\\\/03\\\/Logo_teamBHA.svg\",\"contentUrl\":\"https:\\\/\\\/teambha.cz\\\/wp-content\\\/uploads\\\/2023\\\/03\\\/Logo_teamBHA.svg\",\"width\":161,\"height\":208,\"caption\":\"TEAMBHA\"},\"image\":{\"@id\":\"https:\\\/\\\/teambha.cz\\\/#\\\/schema\\\/logo\\\/image\\\/\"},\"sameAs\":[\"https:\\\/\\\/www.facebook.com\\\/teambhahokej\"]}]}<\/script>\n<!-- \/ Yoast SEO plugin. -->","yoast_head_json":{"title":"BATOH CCM TEAM 2023 X TEAMBHA - TEAMBHA","robots":{"index":"index","follow":"follow","max-snippet":"max-snippet:-1","max-image-preview":"max-image-preview:large","max-video-preview":"max-video-preview:-1"},"canonical":"https:\/\/teambha.cz\/en\/product\/batoh-ccm-team-2023-x-teambha\/","og_locale":"en_GB","og_type":"article","og_title":"BATOH CCM TEAM 2023 X TEAMBHA - TEAMBHA","og_description":"Nov\u00fd model batohu CCM x TEAMBHA st\u0159\u00edd\u00e1 model z roku 2020, kter\u00fd byl hit l\u00e9ta! Zcela nov\u00fd model je mnohem pevn\u011bj\u0161\u00ed a je\u0161t\u011b v\u00edce pohodln\u011bj\u0161\u00ed k no\u0161en\u00ed d\u00edky pohodln\u00fdm polstrovan\u00fdm popruh\u016fm. Materi\u00e1l je velice pevn\u00fd a p\u0159ipraven\u00fd, i na te\u017ek\u00e9 p\u0159edm\u011bty!  BARVA:\u00a0\u010cern\u00e1 MATERI\u00c1L:\u00a0600D ripstop polyesterov\u00e1 konstrukce. VLASTNOSTI:\u00a0Prostorn\u00e1 hlavn\u00ed kapsa + kapsy na p\u0159\u00edslu\u0161enstv\u00ed.\u00a0Polstrovan\u00e9 pouzdro na notebook.Polstrovan\u00e9 popruhy a z\u00e1da.","og_url":"https:\/\/teambha.cz\/en\/product\/batoh-ccm-team-2023-x-teambha\/","og_site_name":"TEAMBHA","article_publisher":"https:\/\/www.facebook.com\/teambhahokej","article_modified_time":"2026-04-14T04:04:58+00:00","og_image":[{"width":1080,"height":1080,"url":"https:\/\/teambha.cz\/wp-content\/uploads\/2023\/06\/BATOH-CCM-TEAM-2023-X-TEAMBHA.webp","type":"image\/webp"}],"twitter_card":"summary_large_image","twitter_misc":{"Estimated reading time":"1 minute"},"schema":{"@context":"https:\/\/schema.org","@graph":[{"@type":"WebPage","@id":"https:\/\/teambha.cz\/en\/product\/batoh-ccm-team-2023-x-teambha\/","url":"https:\/\/teambha.cz\/en\/product\/batoh-ccm-team-2023-x-teambha\/","name":"BATOH CCM TEAM 2023 X TEAMBHA - TEAMBHA","isPartOf":{"@id":"https:\/\/teambha.cz\/#website"},"primaryImageOfPage":{"@id":"https:\/\/teambha.cz\/en\/product\/batoh-ccm-team-2023-x-teambha\/#primaryimage"},"image":{"@id":"https:\/\/teambha.cz\/en\/product\/batoh-ccm-team-2023-x-teambha\/#primaryimage"},"thumbnailUrl":"https:\/\/teambha.cz\/wp-content\/uploads\/2023\/06\/BATOH-CCM-TEAM-2023-X-TEAMBHA.webp","datePublished":"2023-09-22T15:57:22+00:00","dateModified":"2026-04-14T04:04:58+00:00","breadcrumb":{"@id":"https:\/\/teambha.cz\/en\/product\/batoh-ccm-team-2023-x-teambha\/#breadcrumb"},"inLanguage":"en-GB","potentialAction":[{"@type":"ReadAction","target":["https:\/\/teambha.cz\/en\/product\/batoh-ccm-team-2023-x-teambha\/"]}]},{"@type":"ImageObject","inLanguage":"en-GB","@id":"https:\/\/teambha.cz\/en\/product\/batoh-ccm-team-2023-x-teambha\/#primaryimage","url":"https:\/\/teambha.cz\/wp-content\/uploads\/2023\/06\/BATOH-CCM-TEAM-2023-X-TEAMBHA.webp","contentUrl":"https:\/\/teambha.cz\/wp-content\/uploads\/2023\/06\/BATOH-CCM-TEAM-2023-X-TEAMBHA.webp","width":1080,"height":1080},{"@type":"BreadcrumbList","@id":"https:\/\/teambha.cz\/en\/product\/batoh-ccm-team-2023-x-teambha\/#breadcrumb","itemListElement":[{"@type":"ListItem","position":1,"name":"Dom\u016f","item":"https:\/\/www.teambha.cz\/"},{"@type":"ListItem","position":2,"name":"Obchod","item":"https:\/\/www.teambha.cz\/obchod\/"},{"@type":"ListItem","position":3,"name":"BATOH CCM TEAM 2023 X TEAMBHA"}]},{"@type":"WebSite","@id":"https:\/\/teambha.cz\/#website","url":"https:\/\/teambha.cz\/","name":"TEAMBHA","description":"Brank\u00e1\u0159sk\u00e1 hokejov\u00e1 akademie","publisher":{"@id":"https:\/\/teambha.cz\/#organization"},"potentialAction":[{"@type":"SearchAction","target":{"@type":"EntryPoint","urlTemplate":"https:\/\/teambha.cz\/?s={search_term_string}"},"query-input":{"@type":"PropertyValueSpecification","valueRequired":true,"valueName":"search_term_string"}}],"inLanguage":"en-GB"},{"@type":"Organization","@id":"https:\/\/teambha.cz\/#organization","name":"TEAMBHA","url":"https:\/\/teambha.cz\/","logo":{"@type":"ImageObject","inLanguage":"en-GB","@id":"https:\/\/teambha.cz\/#\/schema\/logo\/image\/","url":"https:\/\/teambha.cz\/wp-content\/uploads\/2023\/03\/Logo_teamBHA.svg","contentUrl":"https:\/\/teambha.cz\/wp-content\/uploads\/2023\/03\/Logo_teamBHA.svg","width":161,"height":208,"caption":"TEAMBHA"},"image":{"@id":"https:\/\/teambha.cz\/#\/schema\/logo\/image\/"},"sameAs":["https:\/\/www.facebook.com\/teambhahokej"]}]}},"_links":{"self":[{"href":"https:\/\/teambha.cz\/en\/wp-json\/wp\/v2\/product\/938","targetHints":{"allow":["GET"]}}],"collection":[{"href":"https:\/\/teambha.cz\/en\/wp-json\/wp\/v2\/product"}],"about":[{"href":"https:\/\/teambha.cz\/en\/wp-json\/wp\/v2\/types\/product"}],"wp:featuredmedia":[{"embeddable":true,"href":"https:\/\/teambha.cz\/en\/wp-json\/wp\/v2\/media\/939"}],"wp:attachment":[{"href":"https:\/\/teambha.cz\/en\/wp-json\/wp\/v2\/media?parent=938"}],"wp:term":[{"taxonomy":"product_brand","embeddable":true,"href":"https:\/\/teambha.cz\/en\/wp-json\/wp\/v2\/product_brand?post=938"},{"taxonomy":"product_cat","embeddable":true,"href":"https:\/\/teambha.cz\/en\/wp-json\/wp\/v2\/product_cat?post=938"},{"taxonomy":"product_tag","embeddable":true,"href":"https:\/\/teambha.cz\/en\/wp-json\/wp\/v2\/product_tag?post=938"}],"curies":[{"name":"wp","href":"https:\/\/api.w.org\/{rel}","templated":true}]}}