{"id":20692,"date":"2026-01-01T15:49:29","date_gmt":"2026-01-01T14:49:29","guid":{"rendered":"https:\/\/teambha.cz\/?post_type=product&#038;p=20692"},"modified":"2026-02-13T16:51:01","modified_gmt":"2026-02-13T15:51:01","slug":"vikendove-kempy-2026","status":"publish","type":"product","link":"https:\/\/teambha.cz\/en\/product\/vikendove-kempy-2026\/","title":{"rendered":"V\u00edkendov\u00e9 kempy 2026"},"content":{"rendered":"","protected":false},"excerpt":{"rendered":"","protected":false},"featured_media":10970,"template":"","meta":{"_acf_changed":false},"product_brand":[],"product_cat":[19],"product_tag":[],"class_list":{"0":"post-20692","1":"product","2":"type-product","3":"status-publish","4":"has-post-thumbnail","6":"product_cat-nezarazene","8":"first","9":"instock","10":"downloadable","11":"virtual","12":"taxable","13":"purchasable","14":"product-type-simple"},"acf":[],"yoast_head":"<!-- This site is optimized with the Yoast SEO plugin v27.4 - https:\/\/yoast.com\/product\/yoast-seo-wordpress\/ -->\n<title>V\u00edkendov\u00e9 kempy 2026 - TEAMBHA<\/title>\n<meta name=\"robots\" content=\"index, follow, max-snippet:-1, max-image-preview:large, max-video-preview:-1\" \/>\n<link rel=\"canonical\" href=\"https:\/\/www.teambha.cz\/produkt\/vikendove-kempy-2026\/\" \/>\n<meta property=\"og:locale\" content=\"en_GB\" \/>\n<meta property=\"og:type\" content=\"article\" \/>\n<meta property=\"og:title\" content=\"V\u00edkendov\u00e9 kempy 2026 - TEAMBHA\" \/>\n<meta property=\"og:url\" content=\"https:\/\/www.teambha.cz\/produkt\/vikendove-kempy-2026\/\" \/>\n<meta property=\"og:site_name\" content=\"TEAMBHA\" \/>\n<meta property=\"article:publisher\" content=\"https:\/\/www.facebook.com\/teambhahokej\" \/>\n<meta property=\"article:modified_time\" content=\"2026-02-13T15:51:01+00:00\" \/>\n<meta property=\"og:image\" content=\"https:\/\/www.teambha.cz\/wp-content\/uploads\/2024\/08\/DSC9605-scaled.jpg\" \/>\n\t<meta property=\"og:image:width\" content=\"1561\" \/>\n\t<meta property=\"og:image:height\" content=\"2560\" \/>\n\t<meta property=\"og:image:type\" content=\"image\/jpeg\" \/>\n<meta name=\"twitter:card\" content=\"summary_large_image\" \/>\n<meta name=\"twitter:label1\" content=\"Estimated reading time\" \/>\n\t<meta name=\"twitter:data1\" content=\"1 minute\" \/>\n<script type=\"application\/ld+json\" class=\"yoast-schema-graph\">{\"@context\":\"https:\\\/\\\/schema.org\",\"@graph\":[{\"@type\":\"WebPage\",\"@id\":\"https:\\\/\\\/www.teambha.cz\\\/produkt\\\/vikendove-kempy-2026\\\/\",\"url\":\"https:\\\/\\\/www.teambha.cz\\\/produkt\\\/vikendove-kempy-2026\\\/\",\"name\":\"V\u00edkendov\u00e9 kempy 2026 - TEAMBHA\",\"isPartOf\":{\"@id\":\"https:\\\/\\\/teambha.cz\\\/#website\"},\"primaryImageOfPage\":{\"@id\":\"https:\\\/\\\/www.teambha.cz\\\/produkt\\\/vikendove-kempy-2026\\\/#primaryimage\"},\"image\":{\"@id\":\"https:\\\/\\\/www.teambha.cz\\\/produkt\\\/vikendove-kempy-2026\\\/#primaryimage\"},\"thumbnailUrl\":\"https:\\\/\\\/teambha.cz\\\/wp-content\\\/uploads\\\/2024\\\/08\\\/DSC9605-scaled.jpg\",\"datePublished\":\"2026-01-01T14:49:29+00:00\",\"dateModified\":\"2026-02-13T15:51:01+00:00\",\"breadcrumb\":{\"@id\":\"https:\\\/\\\/www.teambha.cz\\\/produkt\\\/vikendove-kempy-2026\\\/#breadcrumb\"},\"inLanguage\":\"en-GB\",\"potentialAction\":[{\"@type\":\"ReadAction\",\"target\":[\"https:\\\/\\\/www.teambha.cz\\\/produkt\\\/vikendove-kempy-2026\\\/\"]}]},{\"@type\":\"ImageObject\",\"inLanguage\":\"en-GB\",\"@id\":\"https:\\\/\\\/www.teambha.cz\\\/produkt\\\/vikendove-kempy-2026\\\/#primaryimage\",\"url\":\"https:\\\/\\\/teambha.cz\\\/wp-content\\\/uploads\\\/2024\\\/08\\\/DSC9605-scaled.jpg\",\"contentUrl\":\"https:\\\/\\\/teambha.cz\\\/wp-content\\\/uploads\\\/2024\\\/08\\\/DSC9605-scaled.jpg\",\"width\":1561,\"height\":2560},{\"@type\":\"BreadcrumbList\",\"@id\":\"https:\\\/\\\/www.teambha.cz\\\/produkt\\\/vikendove-kempy-2026\\\/#breadcrumb\",\"itemListElement\":[{\"@type\":\"ListItem\",\"position\":1,\"name\":\"Dom\u016f\",\"item\":\"https:\\\/\\\/www.teambha.cz\\\/\"},{\"@type\":\"ListItem\",\"position\":2,\"name\":\"Obchod\",\"item\":\"https:\\\/\\\/www.teambha.cz\\\/obchod\\\/\"},{\"@type\":\"ListItem\",\"position\":3,\"name\":\"V\u00edkendov\u00e9 kempy 2026\"}]},{\"@type\":\"WebSite\",\"@id\":\"https:\\\/\\\/teambha.cz\\\/#website\",\"url\":\"https:\\\/\\\/teambha.cz\\\/\",\"name\":\"TEAMBHA\",\"description\":\"Brank\u00e1\u0159sk\u00e1 hokejov\u00e1 akademie\",\"publisher\":{\"@id\":\"https:\\\/\\\/teambha.cz\\\/#organization\"},\"potentialAction\":[{\"@type\":\"SearchAction\",\"target\":{\"@type\":\"EntryPoint\",\"urlTemplate\":\"https:\\\/\\\/teambha.cz\\\/?s={search_term_string}\"},\"query-input\":{\"@type\":\"PropertyValueSpecification\",\"valueRequired\":true,\"valueName\":\"search_term_string\"}}],\"inLanguage\":\"en-GB\"},{\"@type\":\"Organization\",\"@id\":\"https:\\\/\\\/teambha.cz\\\/#organization\",\"name\":\"TEAMBHA\",\"url\":\"https:\\\/\\\/teambha.cz\\\/\",\"logo\":{\"@type\":\"ImageObject\",\"inLanguage\":\"en-GB\",\"@id\":\"https:\\\/\\\/teambha.cz\\\/#\\\/schema\\\/logo\\\/image\\\/\",\"url\":\"https:\\\/\\\/teambha.cz\\\/wp-content\\\/uploads\\\/2023\\\/03\\\/Logo_teamBHA.svg\",\"contentUrl\":\"https:\\\/\\\/teambha.cz\\\/wp-content\\\/uploads\\\/2023\\\/03\\\/Logo_teamBHA.svg\",\"width\":161,\"height\":208,\"caption\":\"TEAMBHA\"},\"image\":{\"@id\":\"https:\\\/\\\/teambha.cz\\\/#\\\/schema\\\/logo\\\/image\\\/\"},\"sameAs\":[\"https:\\\/\\\/www.facebook.com\\\/teambhahokej\"]}]}<\/script>\n<!-- \/ Yoast SEO plugin. -->","yoast_head_json":{"title":"V\u00edkendov\u00e9 kempy 2026 - TEAMBHA","robots":{"index":"index","follow":"follow","max-snippet":"max-snippet:-1","max-image-preview":"max-image-preview:large","max-video-preview":"max-video-preview:-1"},"canonical":"https:\/\/www.teambha.cz\/produkt\/vikendove-kempy-2026\/","og_locale":"en_GB","og_type":"article","og_title":"V\u00edkendov\u00e9 kempy 2026 - TEAMBHA","og_url":"https:\/\/www.teambha.cz\/produkt\/vikendove-kempy-2026\/","og_site_name":"TEAMBHA","article_publisher":"https:\/\/www.facebook.com\/teambhahokej","article_modified_time":"2026-02-13T15:51:01+00:00","og_image":[{"width":1561,"height":2560,"url":"https:\/\/www.teambha.cz\/wp-content\/uploads\/2024\/08\/DSC9605-scaled.jpg","type":"image\/jpeg"}],"twitter_card":"summary_large_image","twitter_misc":{"Estimated reading time":"1 minute"},"schema":{"@context":"https:\/\/schema.org","@graph":[{"@type":"WebPage","@id":"https:\/\/www.teambha.cz\/produkt\/vikendove-kempy-2026\/","url":"https:\/\/www.teambha.cz\/produkt\/vikendove-kempy-2026\/","name":"V\u00edkendov\u00e9 kempy 2026 - TEAMBHA","isPartOf":{"@id":"https:\/\/teambha.cz\/#website"},"primaryImageOfPage":{"@id":"https:\/\/www.teambha.cz\/produkt\/vikendove-kempy-2026\/#primaryimage"},"image":{"@id":"https:\/\/www.teambha.cz\/produkt\/vikendove-kempy-2026\/#primaryimage"},"thumbnailUrl":"https:\/\/teambha.cz\/wp-content\/uploads\/2024\/08\/DSC9605-scaled.jpg","datePublished":"2026-01-01T14:49:29+00:00","dateModified":"2026-02-13T15:51:01+00:00","breadcrumb":{"@id":"https:\/\/www.teambha.cz\/produkt\/vikendove-kempy-2026\/#breadcrumb"},"inLanguage":"en-GB","potentialAction":[{"@type":"ReadAction","target":["https:\/\/www.teambha.cz\/produkt\/vikendove-kempy-2026\/"]}]},{"@type":"ImageObject","inLanguage":"en-GB","@id":"https:\/\/www.teambha.cz\/produkt\/vikendove-kempy-2026\/#primaryimage","url":"https:\/\/teambha.cz\/wp-content\/uploads\/2024\/08\/DSC9605-scaled.jpg","contentUrl":"https:\/\/teambha.cz\/wp-content\/uploads\/2024\/08\/DSC9605-scaled.jpg","width":1561,"height":2560},{"@type":"BreadcrumbList","@id":"https:\/\/www.teambha.cz\/produkt\/vikendove-kempy-2026\/#breadcrumb","itemListElement":[{"@type":"ListItem","position":1,"name":"Dom\u016f","item":"https:\/\/www.teambha.cz\/"},{"@type":"ListItem","position":2,"name":"Obchod","item":"https:\/\/www.teambha.cz\/obchod\/"},{"@type":"ListItem","position":3,"name":"V\u00edkendov\u00e9 kempy 2026"}]},{"@type":"WebSite","@id":"https:\/\/teambha.cz\/#website","url":"https:\/\/teambha.cz\/","name":"TEAMBHA","description":"Brank\u00e1\u0159sk\u00e1 hokejov\u00e1 akademie","publisher":{"@id":"https:\/\/teambha.cz\/#organization"},"potentialAction":[{"@type":"SearchAction","target":{"@type":"EntryPoint","urlTemplate":"https:\/\/teambha.cz\/?s={search_term_string}"},"query-input":{"@type":"PropertyValueSpecification","valueRequired":true,"valueName":"search_term_string"}}],"inLanguage":"en-GB"},{"@type":"Organization","@id":"https:\/\/teambha.cz\/#organization","name":"TEAMBHA","url":"https:\/\/teambha.cz\/","logo":{"@type":"ImageObject","inLanguage":"en-GB","@id":"https:\/\/teambha.cz\/#\/schema\/logo\/image\/","url":"https:\/\/teambha.cz\/wp-content\/uploads\/2023\/03\/Logo_teamBHA.svg","contentUrl":"https:\/\/teambha.cz\/wp-content\/uploads\/2023\/03\/Logo_teamBHA.svg","width":161,"height":208,"caption":"TEAMBHA"},"image":{"@id":"https:\/\/teambha.cz\/#\/schema\/logo\/image\/"},"sameAs":["https:\/\/www.facebook.com\/teambhahokej"]}]}},"_links":{"self":[{"href":"https:\/\/teambha.cz\/en\/wp-json\/wp\/v2\/product\/20692","targetHints":{"allow":["GET"]}}],"collection":[{"href":"https:\/\/teambha.cz\/en\/wp-json\/wp\/v2\/product"}],"about":[{"href":"https:\/\/teambha.cz\/en\/wp-json\/wp\/v2\/types\/product"}],"wp:featuredmedia":[{"embeddable":true,"href":"https:\/\/teambha.cz\/en\/wp-json\/wp\/v2\/media\/10970"}],"wp:attachment":[{"href":"https:\/\/teambha.cz\/en\/wp-json\/wp\/v2\/media?parent=20692"}],"wp:term":[{"taxonomy":"product_brand","embeddable":true,"href":"https:\/\/teambha.cz\/en\/wp-json\/wp\/v2\/product_brand?post=20692"},{"taxonomy":"product_cat","embeddable":true,"href":"https:\/\/teambha.cz\/en\/wp-json\/wp\/v2\/product_cat?post=20692"},{"taxonomy":"product_tag","embeddable":true,"href":"https:\/\/teambha.cz\/en\/wp-json\/wp\/v2\/product_tag?post=20692"}],"curies":[{"name":"wp","href":"https:\/\/api.w.org\/{rel}","templated":true}]}}