{"id":20644,"date":"2025-12-30T10:12:08","date_gmt":"2025-12-30T09:12:08","guid":{"rendered":"https:\/\/teambha.cz\/?post_type=product&#038;p=20644"},"modified":"2026-01-21T09:11:12","modified_gmt":"2026-01-21T08:11:12","slug":"online-skupina-pro-brankare-nastaveni-cilu","status":"publish","type":"product","link":"https:\/\/teambha.cz\/en\/product\/online-skupina-pro-brankare-nastaveni-cilu\/","title":{"rendered":"Z\u00c1ZNAM 21.1.2026 ONLINE SKUPINA PRO BRANK\u00c1\u0158E &#8211; NASTAVEN\u00cd C\u00cdL\u016e"},"content":{"rendered":"<p class=\"p1\"><span class=\"s1\">\ud83c\udfaf <\/span><b>ONLINE SKUPINA PRO BRANK\u00c1\u0158E \u2013 NASTAVEN\u00cd C\u00cdL\u016e<\/b><span class=\"s1\"> \ud83e\udd45<\/span><\/p>\n<p class=\"p3\">Chce\u0161 chytat s v\u011bt\u0161\u00edm klidem, jistotou a m\u00edt jasno v tom, <span class=\"s2\"><b>kam se chce\u0161 posunout<\/b><\/span>?<\/p>\n<p class=\"p1\"><span class=\"s1\">Pr\u00e1v\u011b proto jsme p\u0159ipravili <\/span><b>online skupinu pro brank\u00e1\u0159e<\/b><span class=\"s1\"> zam\u011b\u0159enou na <\/span><b>spr\u00e1vn\u00e9 nastaven\u00ed c\u00edl\u016f<\/b><span class=\"s1\">.<\/span><\/p>\n<p class=\"p3\">Co se v online skupin\u011b nau\u010d\u00ed\u0161?<\/p>\n<p class=\"p3\">\u2714\ufe0f jak si nastavit <span class=\"s2\"><b>re\u00e1ln\u00e9 a smyslupln\u00e9 c\u00edle<\/b><\/span> (nejen v\u00fdsledkov\u00e9)<\/p>\n<p class=\"p3\">\u2714\ufe0f rozd\u00edl mezi c\u00edlem, procesem a o\u010dek\u00e1v\u00e1n\u00edm<\/p>\n<p class=\"p3\">\u2714\ufe0f jak si rozd\u011blit sezonu na <span class=\"s2\"><b>kr\u00e1tkodob\u00e9 a dlouhodob\u00e9 c\u00edle<\/b><b><\/b><\/span><\/p>\n<p class=\"p3\">\u2714\ufe0f jak pracovat s motivac\u00ed, kdy\u017e se neda\u0159\u00ed<\/p>\n<p class=\"p3\">\u2714\ufe0f jak m\u00edt c\u00edle pod kontrolou i b\u011bhem z\u00e1pasov\u00fdch v\u00fdkyv\u016f<\/p>\n<p class=\"p3\">Pro koho je skupina ur\u010den\u00e1?<\/p>\n<p class=\"p3\">\ud83e\udd45 ml\u00e1de\u017enick\u00e9 i dosp\u011bl\u00e9 brank\u00e1\u0159e<\/p>\n<p class=\"p3\">\ud83e\udd45 hobby i v\u00fdkonnostn\u00ed g\u00f3lmany<\/p>\n<p class=\"p3\">\ud83e\udd45 v\u0161echny, kte\u0159\u00ed cht\u011bj\u00ed na sob\u011b pracovat <span class=\"s2\"><b>systematicky a dlouhodob\u011b<\/b><b><\/b><\/span><\/p>\n<p class=\"p1\"><span class=\"s1\">\ud83d\udccd <\/span><b>Online \u2013 z pohodl\u00ed domova<\/b><b><\/b><\/p>\n<p class=\"p3\">\ud83c\udfa5 interaktivn\u00ed skupina + prostor pro dotazy a sd\u00edlen\u00ed zku\u0161enost\u00ed<\/p>\n<p class=\"p3\">C\u00edle ti samy z\u00e1pasy nevyhraj\u00ed,<\/p>\n<p class=\"p1\"><span class=\"s1\">ale <\/span><b>spr\u00e1vn\u011b nastaven\u00e9 c\u00edle ti pom\u016f\u017eou chytat stabiln\u011b a s hlavou v klidu<\/b><span class=\"s1\"> \ud83d\udcaa\ud83e\udde0<\/span><\/p>","protected":false},"excerpt":{"rendered":"<p class=\"p1\"><span class=\"s1\">\ud83c\udfaf <\/span><b>ONLINE SKUPINA PRO BRANK\u00c1\u0158E \u2013 NASTAVEN\u00cd C\u00cdL\u016e<\/b><span class=\"s1\"> \ud83e\udd45<\/span><\/p>\n<p class=\"p3\">Chce\u0161 chytat s v\u011bt\u0161\u00edm klidem, jistotou a m\u00edt jasno v tom, <span class=\"s2\"><b>kam se chce\u0161 posunout<\/b><\/span>?<\/p>\n<p class=\"p1\"><span class=\"s1\">Pr\u00e1v\u011b proto jsme p\u0159ipravili <\/span><b>online skupinu pro brank\u00e1\u0159e<\/b><span class=\"s1\"> zam\u011b\u0159enou na <\/span><b>spr\u00e1vn\u00e9 nastaven\u00ed c\u00edl\u016f<\/b><span class=\"s1\">.<\/span><\/p>\n<p class=\"p3\">Co se v online skupin\u011b nau\u010d\u00ed\u0161?<\/p>\n<p class=\"p3\">\u2714\ufe0f jak si nastavit <span class=\"s2\"><b>re\u00e1ln\u00e9 a smyslupln\u00e9 c\u00edle<\/b><\/span> (nejen v\u00fdsledkov\u00e9)<\/p>\n<p class=\"p3\">\u2714\ufe0f rozd\u00edl mezi c\u00edlem, procesem a o\u010dek\u00e1v\u00e1n\u00edm<\/p>\n<p class=\"p3\">\u2714\ufe0f jak si rozd\u011blit sezonu na <span class=\"s2\"><b>kr\u00e1tkodob\u00e9 a dlouhodob\u00e9 c\u00edle<\/b><b><\/b><\/span><\/p>\n<p class=\"p3\">\u2714\ufe0f jak pracovat s motivac\u00ed, kdy\u017e se neda\u0159\u00ed<\/p>\n<p class=\"p3\">\u2714\ufe0f jak m\u00edt c\u00edle pod kontrolou i b\u011bhem z\u00e1pasov\u00fdch v\u00fdkyv\u016f<\/p>\n<p class=\"p3\">Pro koho je skupina ur\u010den\u00e1?<\/p>\n<p class=\"p3\">\ud83e\udd45 ml\u00e1de\u017enick\u00e9 i dosp\u011bl\u00e9 brank\u00e1\u0159e<\/p>\n<p class=\"p3\">\ud83e\udd45 hobby i v\u00fdkonnostn\u00ed g\u00f3lmany<\/p>\n<p class=\"p3\">\ud83e\udd45 v\u0161echny, kte\u0159\u00ed cht\u011bj\u00ed na sob\u011b pracovat <span class=\"s2\"><b>systematicky a dlouhodob\u011b<\/b><b><\/b><\/span><\/p>\n<p class=\"p1\"><span class=\"s1\">\ud83d\udccd <\/span><b>Online \u2013 z pohodl\u00ed domova<\/b><b><\/b><\/p>\n<p class=\"p3\">\ud83c\udfa5 interaktivn\u00ed skupina + prostor pro dotazy a sd\u00edlen\u00ed zku\u0161enost\u00ed<\/p>\n<p class=\"p3\">C\u00edle ti samy z\u00e1pasy nevyhraj\u00ed,<\/p>\n<p class=\"p1\"><span class=\"s1\">ale <\/span><b>spr\u00e1vn\u011b nastaven\u00e9 c\u00edle ti pom\u016f\u017eou chytat stabiln\u011b a s hlavou v klidu<\/b><span class=\"s1\"> \ud83d\udcaa\ud83e\udde0<\/span><\/p>","protected":false},"featured_media":0,"template":"","meta":{"_acf_changed":false},"product_brand":[],"product_cat":[46],"product_tag":[],"class_list":{"0":"post-20644","1":"product","2":"type-product","3":"status-publish","5":"product_cat-webinare","7":"first","8":"instock","9":"downloadable","10":"virtual","11":"taxable","12":"purchasable","13":"product-type-simple"},"acf":[],"yoast_head":"<!-- This site is optimized with the Yoast SEO plugin v27.4 - https:\/\/yoast.com\/product\/yoast-seo-wordpress\/ -->\n<title>Z\u00c1ZNAM 21.1.2026 ONLINE SKUPINA PRO BRANK\u00c1\u0158E - NASTAVEN\u00cd C\u00cdL\u016e - TEAMBHA<\/title>\n<meta name=\"robots\" content=\"index, follow, max-snippet:-1, max-image-preview:large, max-video-preview:-1\" \/>\n<link rel=\"canonical\" href=\"https:\/\/teambha.cz\/en\/product\/online-skupina-pro-brankare-nastaveni-cilu\/\" \/>\n<meta property=\"og:locale\" content=\"en_GB\" \/>\n<meta property=\"og:type\" content=\"article\" \/>\n<meta property=\"og:title\" content=\"Z\u00c1ZNAM 21.1.2026 ONLINE SKUPINA PRO BRANK\u00c1\u0158E - NASTAVEN\u00cd C\u00cdL\u016e - TEAMBHA\" \/>\n<meta property=\"og:description\" content=\"\ud83c\udfaf ONLINE SKUPINA PRO BRANK\u00c1\u0158E \u2013 NASTAVEN\u00cd C\u00cdL\u016e \ud83e\udd45 Chce\u0161 chytat s v\u011bt\u0161\u00edm klidem, jistotou a m\u00edt jasno v tom, kam se chce\u0161 posunout? Pr\u00e1v\u011b proto jsme p\u0159ipravili online skupinu pro brank\u00e1\u0159e zam\u011b\u0159enou na spr\u00e1vn\u00e9 nastaven\u00ed c\u00edl\u016f. Co se v online skupin\u011b nau\u010d\u00ed\u0161? \u2714\ufe0f jak si nastavit re\u00e1ln\u00e9 a smyslupln\u00e9 c\u00edle (nejen v\u00fdsledkov\u00e9) \u2714\ufe0f rozd\u00edl mezi c\u00edlem, procesem a o\u010dek\u00e1v\u00e1n\u00edm \u2714\ufe0f jak si rozd\u011blit sezonu na kr\u00e1tkodob\u00e9 a dlouhodob\u00e9 c\u00edle \u2714\ufe0f jak pracovat s motivac\u00ed, kdy\u017e se neda\u0159\u00ed \u2714\ufe0f jak m\u00edt c\u00edle pod kontrolou i b\u011bhem z\u00e1pasov\u00fdch v\u00fdkyv\u016f Pro koho je skupina ur\u010den\u00e1? \ud83e\udd45 ml\u00e1de\u017enick\u00e9 i dosp\u011bl\u00e9 brank\u00e1\u0159e \ud83e\udd45 hobby i v\u00fdkonnostn\u00ed g\u00f3lmany \ud83e\udd45 v\u0161echny, kte\u0159\u00ed cht\u011bj\u00ed na sob\u011b pracovat systematicky a dlouhodob\u011b \ud83d\udccd Online \u2013 z pohodl\u00ed domova \ud83c\udfa5 interaktivn\u00ed skupina + prostor pro dotazy a sd\u00edlen\u00ed zku\u0161enost\u00ed C\u00edle ti samy z\u00e1pasy nevyhraj\u00ed, ale spr\u00e1vn\u011b nastaven\u00e9 c\u00edle ti pom\u016f\u017eou chytat stabiln\u011b a s hlavou v klidu \ud83d\udcaa\ud83e\udde0\" \/>\n<meta property=\"og:url\" content=\"https:\/\/teambha.cz\/en\/product\/online-skupina-pro-brankare-nastaveni-cilu\/\" \/>\n<meta property=\"og:site_name\" content=\"TEAMBHA\" \/>\n<meta property=\"article:publisher\" content=\"https:\/\/www.facebook.com\/teambhahokej\" \/>\n<meta property=\"article:modified_time\" content=\"2026-01-21T08:11:12+00:00\" \/>\n<meta name=\"twitter:card\" content=\"summary_large_image\" \/>\n<meta name=\"twitter:label1\" content=\"Estimated reading time\" \/>\n\t<meta name=\"twitter:data1\" content=\"1 minute\" \/>\n<script type=\"application\/ld+json\" class=\"yoast-schema-graph\">{\"@context\":\"https:\\\/\\\/schema.org\",\"@graph\":[{\"@type\":\"WebPage\",\"@id\":\"https:\\\/\\\/teambha.cz\\\/produkt\\\/online-skupina-pro-brankare-nastaveni-cilu\\\/\",\"url\":\"https:\\\/\\\/teambha.cz\\\/produkt\\\/online-skupina-pro-brankare-nastaveni-cilu\\\/\",\"name\":\"Z\u00c1ZNAM 21.1.2026 ONLINE SKUPINA PRO BRANK\u00c1\u0158E - NASTAVEN\u00cd C\u00cdL\u016e - TEAMBHA\",\"isPartOf\":{\"@id\":\"https:\\\/\\\/teambha.cz\\\/#website\"},\"datePublished\":\"2025-12-30T09:12:08+00:00\",\"dateModified\":\"2026-01-21T08:11:12+00:00\",\"breadcrumb\":{\"@id\":\"https:\\\/\\\/teambha.cz\\\/produkt\\\/online-skupina-pro-brankare-nastaveni-cilu\\\/#breadcrumb\"},\"inLanguage\":\"en-GB\",\"potentialAction\":[{\"@type\":\"ReadAction\",\"target\":[\"https:\\\/\\\/teambha.cz\\\/produkt\\\/online-skupina-pro-brankare-nastaveni-cilu\\\/\"]}]},{\"@type\":\"BreadcrumbList\",\"@id\":\"https:\\\/\\\/teambha.cz\\\/produkt\\\/online-skupina-pro-brankare-nastaveni-cilu\\\/#breadcrumb\",\"itemListElement\":[{\"@type\":\"ListItem\",\"position\":1,\"name\":\"Dom\u016f\",\"item\":\"https:\\\/\\\/www.teambha.cz\\\/\"},{\"@type\":\"ListItem\",\"position\":2,\"name\":\"Obchod\",\"item\":\"https:\\\/\\\/www.teambha.cz\\\/obchod\\\/\"},{\"@type\":\"ListItem\",\"position\":3,\"name\":\"Z\u00c1ZNAM 21.1.2026 ONLINE SKUPINA PRO BRANK\u00c1\u0158E &#8211; NASTAVEN\u00cd C\u00cdL\u016e\"}]},{\"@type\":\"WebSite\",\"@id\":\"https:\\\/\\\/teambha.cz\\\/#website\",\"url\":\"https:\\\/\\\/teambha.cz\\\/\",\"name\":\"TEAMBHA\",\"description\":\"Brank\u00e1\u0159sk\u00e1 hokejov\u00e1 akademie\",\"publisher\":{\"@id\":\"https:\\\/\\\/teambha.cz\\\/#organization\"},\"potentialAction\":[{\"@type\":\"SearchAction\",\"target\":{\"@type\":\"EntryPoint\",\"urlTemplate\":\"https:\\\/\\\/teambha.cz\\\/?s={search_term_string}\"},\"query-input\":{\"@type\":\"PropertyValueSpecification\",\"valueRequired\":true,\"valueName\":\"search_term_string\"}}],\"inLanguage\":\"en-GB\"},{\"@type\":\"Organization\",\"@id\":\"https:\\\/\\\/teambha.cz\\\/#organization\",\"name\":\"TEAMBHA\",\"url\":\"https:\\\/\\\/teambha.cz\\\/\",\"logo\":{\"@type\":\"ImageObject\",\"inLanguage\":\"en-GB\",\"@id\":\"https:\\\/\\\/teambha.cz\\\/#\\\/schema\\\/logo\\\/image\\\/\",\"url\":\"https:\\\/\\\/teambha.cz\\\/wp-content\\\/uploads\\\/2023\\\/03\\\/Logo_teamBHA.svg\",\"contentUrl\":\"https:\\\/\\\/teambha.cz\\\/wp-content\\\/uploads\\\/2023\\\/03\\\/Logo_teamBHA.svg\",\"width\":161,\"height\":208,\"caption\":\"TEAMBHA\"},\"image\":{\"@id\":\"https:\\\/\\\/teambha.cz\\\/#\\\/schema\\\/logo\\\/image\\\/\"},\"sameAs\":[\"https:\\\/\\\/www.facebook.com\\\/teambhahokej\"]}]}<\/script>\n<!-- \/ Yoast SEO plugin. -->","yoast_head_json":{"title":"Z\u00c1ZNAM 21.1.2026 ONLINE SKUPINA PRO BRANK\u00c1\u0158E - NASTAVEN\u00cd C\u00cdL\u016e - TEAMBHA","robots":{"index":"index","follow":"follow","max-snippet":"max-snippet:-1","max-image-preview":"max-image-preview:large","max-video-preview":"max-video-preview:-1"},"canonical":"https:\/\/teambha.cz\/en\/product\/online-skupina-pro-brankare-nastaveni-cilu\/","og_locale":"en_GB","og_type":"article","og_title":"Z\u00c1ZNAM 21.1.2026 ONLINE SKUPINA PRO BRANK\u00c1\u0158E - NASTAVEN\u00cd C\u00cdL\u016e - TEAMBHA","og_description":"\ud83c\udfaf ONLINE SKUPINA PRO BRANK\u00c1\u0158E \u2013 NASTAVEN\u00cd C\u00cdL\u016e \ud83e\udd45 Chce\u0161 chytat s v\u011bt\u0161\u00edm klidem, jistotou a m\u00edt jasno v tom, kam se chce\u0161 posunout? Pr\u00e1v\u011b proto jsme p\u0159ipravili online skupinu pro brank\u00e1\u0159e zam\u011b\u0159enou na spr\u00e1vn\u00e9 nastaven\u00ed c\u00edl\u016f. Co se v online skupin\u011b nau\u010d\u00ed\u0161? \u2714\ufe0f jak si nastavit re\u00e1ln\u00e9 a smyslupln\u00e9 c\u00edle (nejen v\u00fdsledkov\u00e9) \u2714\ufe0f rozd\u00edl mezi c\u00edlem, procesem a o\u010dek\u00e1v\u00e1n\u00edm \u2714\ufe0f jak si rozd\u011blit sezonu na kr\u00e1tkodob\u00e9 a dlouhodob\u00e9 c\u00edle \u2714\ufe0f jak pracovat s motivac\u00ed, kdy\u017e se neda\u0159\u00ed \u2714\ufe0f jak m\u00edt c\u00edle pod kontrolou i b\u011bhem z\u00e1pasov\u00fdch v\u00fdkyv\u016f Pro koho je skupina ur\u010den\u00e1? \ud83e\udd45 ml\u00e1de\u017enick\u00e9 i dosp\u011bl\u00e9 brank\u00e1\u0159e \ud83e\udd45 hobby i v\u00fdkonnostn\u00ed g\u00f3lmany \ud83e\udd45 v\u0161echny, kte\u0159\u00ed cht\u011bj\u00ed na sob\u011b pracovat systematicky a dlouhodob\u011b \ud83d\udccd Online \u2013 z pohodl\u00ed domova \ud83c\udfa5 interaktivn\u00ed skupina + prostor pro dotazy a sd\u00edlen\u00ed zku\u0161enost\u00ed C\u00edle ti samy z\u00e1pasy nevyhraj\u00ed, ale spr\u00e1vn\u011b nastaven\u00e9 c\u00edle ti pom\u016f\u017eou chytat stabiln\u011b a s hlavou v klidu \ud83d\udcaa\ud83e\udde0","og_url":"https:\/\/teambha.cz\/en\/product\/online-skupina-pro-brankare-nastaveni-cilu\/","og_site_name":"TEAMBHA","article_publisher":"https:\/\/www.facebook.com\/teambhahokej","article_modified_time":"2026-01-21T08:11:12+00:00","twitter_card":"summary_large_image","twitter_misc":{"Estimated reading time":"1 minute"},"schema":{"@context":"https:\/\/schema.org","@graph":[{"@type":"WebPage","@id":"https:\/\/teambha.cz\/produkt\/online-skupina-pro-brankare-nastaveni-cilu\/","url":"https:\/\/teambha.cz\/produkt\/online-skupina-pro-brankare-nastaveni-cilu\/","name":"Z\u00c1ZNAM 21.1.2026 ONLINE SKUPINA PRO BRANK\u00c1\u0158E - NASTAVEN\u00cd C\u00cdL\u016e - TEAMBHA","isPartOf":{"@id":"https:\/\/teambha.cz\/#website"},"datePublished":"2025-12-30T09:12:08+00:00","dateModified":"2026-01-21T08:11:12+00:00","breadcrumb":{"@id":"https:\/\/teambha.cz\/produkt\/online-skupina-pro-brankare-nastaveni-cilu\/#breadcrumb"},"inLanguage":"en-GB","potentialAction":[{"@type":"ReadAction","target":["https:\/\/teambha.cz\/produkt\/online-skupina-pro-brankare-nastaveni-cilu\/"]}]},{"@type":"BreadcrumbList","@id":"https:\/\/teambha.cz\/produkt\/online-skupina-pro-brankare-nastaveni-cilu\/#breadcrumb","itemListElement":[{"@type":"ListItem","position":1,"name":"Dom\u016f","item":"https:\/\/www.teambha.cz\/"},{"@type":"ListItem","position":2,"name":"Obchod","item":"https:\/\/www.teambha.cz\/obchod\/"},{"@type":"ListItem","position":3,"name":"Z\u00c1ZNAM 21.1.2026 ONLINE SKUPINA PRO BRANK\u00c1\u0158E &#8211; NASTAVEN\u00cd C\u00cdL\u016e"}]},{"@type":"WebSite","@id":"https:\/\/teambha.cz\/#website","url":"https:\/\/teambha.cz\/","name":"TEAMBHA","description":"Brank\u00e1\u0159sk\u00e1 hokejov\u00e1 akademie","publisher":{"@id":"https:\/\/teambha.cz\/#organization"},"potentialAction":[{"@type":"SearchAction","target":{"@type":"EntryPoint","urlTemplate":"https:\/\/teambha.cz\/?s={search_term_string}"},"query-input":{"@type":"PropertyValueSpecification","valueRequired":true,"valueName":"search_term_string"}}],"inLanguage":"en-GB"},{"@type":"Organization","@id":"https:\/\/teambha.cz\/#organization","name":"TEAMBHA","url":"https:\/\/teambha.cz\/","logo":{"@type":"ImageObject","inLanguage":"en-GB","@id":"https:\/\/teambha.cz\/#\/schema\/logo\/image\/","url":"https:\/\/teambha.cz\/wp-content\/uploads\/2023\/03\/Logo_teamBHA.svg","contentUrl":"https:\/\/teambha.cz\/wp-content\/uploads\/2023\/03\/Logo_teamBHA.svg","width":161,"height":208,"caption":"TEAMBHA"},"image":{"@id":"https:\/\/teambha.cz\/#\/schema\/logo\/image\/"},"sameAs":["https:\/\/www.facebook.com\/teambhahokej"]}]}},"_links":{"self":[{"href":"https:\/\/teambha.cz\/en\/wp-json\/wp\/v2\/product\/20644","targetHints":{"allow":["GET"]}}],"collection":[{"href":"https:\/\/teambha.cz\/en\/wp-json\/wp\/v2\/product"}],"about":[{"href":"https:\/\/teambha.cz\/en\/wp-json\/wp\/v2\/types\/product"}],"wp:attachment":[{"href":"https:\/\/teambha.cz\/en\/wp-json\/wp\/v2\/media?parent=20644"}],"wp:term":[{"taxonomy":"product_brand","embeddable":true,"href":"https:\/\/teambha.cz\/en\/wp-json\/wp\/v2\/product_brand?post=20644"},{"taxonomy":"product_cat","embeddable":true,"href":"https:\/\/teambha.cz\/en\/wp-json\/wp\/v2\/product_cat?post=20644"},{"taxonomy":"product_tag","embeddable":true,"href":"https:\/\/teambha.cz\/en\/wp-json\/wp\/v2\/product_tag?post=20644"}],"curies":[{"name":"wp","href":"https:\/\/api.w.org\/{rel}","templated":true}]}}