{"id":18426,"date":"2025-10-06T13:15:42","date_gmt":"2025-10-06T11:15:42","guid":{"rendered":"https:\/\/teambha.cz\/?post_type=product&#038;p=18426"},"modified":"2026-01-05T11:56:13","modified_gmt":"2026-01-05T10:56:13","slug":"zive-11-11-2025-online-skupina-rodice-vychova-brankare","status":"publish","type":"product","link":"https:\/\/teambha.cz\/en\/product\/zive-11-11-2025-online-skupina-rodice-vychova-brankare\/","title":{"rendered":"Z\u00c1ZNAM 11.11.2025 ONLINE SKUPINA RODI\u010cE &#8211; V\u00ddCHOVA BRANK\u00c1\u0158E"},"content":{"rendered":"<p>Online skupina pro rodi\u010de na t\u00e9mav\u00fdchova brank\u00e1\u0159e<\/p>\n<p><strong>T\u00e9ma<\/strong><\/p>\n<p class=\"p1\">Jsme rodi\u010de, kte\u0159\u00ed cht\u011bj\u00ed sv\u00fdm d\u011btem pomoct na jejich brank\u00e1\u0159sk\u00e9 cest\u011b. M\u016fj syn je teprve na za\u010d\u00e1tku a je\u0161t\u011b nechyt\u00e1, ale u\u017e te\u010f v\u00edme, \u017ee tahle cesta je pln\u00e1 radosti i v\u00fdzev. J\u00e1 s\u00e1m chytal od mala a\u017e po profesion\u00e1ln\u00ed \u00farove\u0148 a dob\u0159e si pamatuji, <span class=\"s1\"><b>jak se rodi\u010de museli ob\u011btovat, aby n\u00e1m umo\u017enili tr\u00e9novat a r\u016fst<\/b><\/span>.<\/p>\n<p class=\"p3\"><span class=\"s2\">V t\u00e9to skupin\u011b se spole\u010dn\u011b u\u010d\u00edme, <\/span><b>jak d\u011bti podporovat, motivovat a pom\u00e1hat jim budovat zdrav\u00fd vztah k hokeji i k sob\u011b sam\u00fdm<\/b><span class=\"s2\">.<\/span><\/p>\n<p class=\"p1\">Mluv\u00edme o:<\/p>\n<p class=\"p1\">\ud83e\udd45 prvn\u00edch brank\u00e1\u0159sk\u00fdch kr\u016f\u010dc\u00edch<\/p>\n<p class=\"p1\">\ud83e\udde0 sebed\u016fv\u011b\u0159e, nervozit\u011b a ment\u00e1ln\u00ed pohod\u011b<\/p>\n<p class=\"p1\">\ud83d\udc68\u200d\ud83d\udc69\u200d\ud83d\udc66 roli rodi\u010d\u016f p\u0159i tr\u00e9ninku a z\u00e1pase<\/p>\n<p class=\"p1\">\u2764\ufe0f jak udr\u017eet radost z hokeje \u2013 i kdy\u017e se neda\u0159\u00ed<\/p>\n<p class=\"p1\">Na\u0161\u00edm c\u00edlem nen\u00ed hodnotit, ale <span class=\"s1\"><b>spole\u010dn\u011b r\u016fst<\/b><\/span> \u2013 sd\u00edlet zku\u0161enosti, ot\u00e1zky i mal\u00e9 pokroky.<\/p>\n<p class=\"p1\">Pokud chcete sv\u00e9mu mlad\u00e9mu g\u00f3lmanovi pomoct vykro\u010dit spr\u00e1vn\u00fdm sm\u011brem, <span class=\"s1\"><b>p\u0159idejte se k n\u00e1m<\/b><\/span>.<\/p>","protected":false},"excerpt":{"rendered":"<p>Online skupina pro rodi\u010de na t\u00e9mav\u00fdchova brank\u00e1\u0159e<\/p>\n<p><strong>T\u00e9ma<\/strong><\/p>\n<p class=\"p1\">Jsme rodi\u010de, kte\u0159\u00ed cht\u011bj\u00ed sv\u00fdm d\u011btem pomoct na jejich brank\u00e1\u0159sk\u00e9 cest\u011b. M\u016fj syn je teprve na za\u010d\u00e1tku a je\u0161t\u011b nechyt\u00e1, ale u\u017e te\u010f v\u00edme, \u017ee tahle cesta je pln\u00e1 radosti i v\u00fdzev. J\u00e1 s\u00e1m chytal od mala a\u017e po profesion\u00e1ln\u00ed \u00farove\u0148 a dob\u0159e si pamatuji, <span class=\"s1\"><b>jak se rodi\u010de museli ob\u011btovat, aby n\u00e1m umo\u017enili tr\u00e9novat a r\u016fst<\/b><\/span>.<\/p>\n<p class=\"p3\"><span class=\"s2\">V t\u00e9to skupin\u011b se spole\u010dn\u011b u\u010d\u00edme, <\/span><b>jak d\u011bti podporovat, motivovat a pom\u00e1hat jim budovat zdrav\u00fd vztah k hokeji i k sob\u011b sam\u00fdm<\/b><span class=\"s2\">.<\/span><\/p>\n<p class=\"p1\">Mluv\u00edme o:<\/p>\n<p class=\"p1\">\ud83e\udd45 prvn\u00edch brank\u00e1\u0159sk\u00fdch kr\u016f\u010dc\u00edch<\/p>\n<p class=\"p1\">\ud83e\udde0 sebed\u016fv\u011b\u0159e, nervozit\u011b a ment\u00e1ln\u00ed pohod\u011b<\/p>\n<p class=\"p1\">\ud83d\udc68\u200d\ud83d\udc69\u200d\ud83d\udc66 roli rodi\u010d\u016f p\u0159i tr\u00e9ninku a z\u00e1pase<\/p>\n<p class=\"p1\">\u2764\ufe0f jak udr\u017eet radost z hokeje \u2013 i kdy\u017e se neda\u0159\u00ed<\/p>\n<p class=\"p1\">Na\u0161\u00edm c\u00edlem nen\u00ed hodnotit, ale <span class=\"s1\"><b>spole\u010dn\u011b r\u016fst<\/b><\/span> \u2013 sd\u00edlet zku\u0161enosti, ot\u00e1zky i mal\u00e9 pokroky.<\/p>\n<p class=\"p1\">Pokud chcete sv\u00e9mu mlad\u00e9mu g\u00f3lmanovi pomoct vykro\u010dit spr\u00e1vn\u00fdm sm\u011brem, <span class=\"s1\"><b>p\u0159idejte se k n\u00e1m<\/b><\/span>.<\/p>","protected":false},"featured_media":18427,"template":"","meta":{"_acf_changed":false},"product_brand":[],"product_cat":[46],"product_tag":[],"class_list":{"0":"post-18426","1":"product","2":"type-product","3":"status-publish","4":"has-post-thumbnail","6":"product_cat-webinare","8":"first","9":"instock","10":"downloadable","11":"virtual","12":"taxable","13":"purchasable","14":"product-type-simple"},"acf":[],"yoast_head":"<!-- This site is optimized with the Yoast SEO plugin v27.4 - https:\/\/yoast.com\/product\/yoast-seo-wordpress\/ -->\n<title>Z\u00c1ZNAM 11.11.2025 ONLINE SKUPINA RODI\u010cE - V\u00ddCHOVA BRANK\u00c1\u0158E - TEAMBHA<\/title>\n<meta name=\"robots\" content=\"index, follow, max-snippet:-1, max-image-preview:large, max-video-preview:-1\" \/>\n<link rel=\"canonical\" href=\"https:\/\/teambha.cz\/en\/product\/zive-11-11-2025-online-skupina-rodice-vychova-brankare\/\" \/>\n<meta property=\"og:locale\" content=\"en_GB\" \/>\n<meta property=\"og:type\" content=\"article\" \/>\n<meta property=\"og:title\" content=\"Z\u00c1ZNAM 11.11.2025 ONLINE SKUPINA RODI\u010cE - V\u00ddCHOVA BRANK\u00c1\u0158E - TEAMBHA\" \/>\n<meta property=\"og:description\" content=\"Online skupina pro rodi\u010de na t\u00e9mav\u00fdchova brank\u00e1\u0159e  T\u00e9ma Jsme rodi\u010de, kte\u0159\u00ed cht\u011bj\u00ed sv\u00fdm d\u011btem pomoct na jejich brank\u00e1\u0159sk\u00e9 cest\u011b. M\u016fj syn je teprve na za\u010d\u00e1tku a je\u0161t\u011b nechyt\u00e1, ale u\u017e te\u010f v\u00edme, \u017ee tahle cesta je pln\u00e1 radosti i v\u00fdzev. J\u00e1 s\u00e1m chytal od mala a\u017e po profesion\u00e1ln\u00ed \u00farove\u0148 a dob\u0159e si pamatuji, jak se rodi\u010de museli ob\u011btovat, aby n\u00e1m umo\u017enili tr\u00e9novat a r\u016fst. V t\u00e9to skupin\u011b se spole\u010dn\u011b u\u010d\u00edme, jak d\u011bti podporovat, motivovat a pom\u00e1hat jim budovat zdrav\u00fd vztah k hokeji i k sob\u011b sam\u00fdm. Mluv\u00edme o: \ud83e\udd45 prvn\u00edch brank\u00e1\u0159sk\u00fdch kr\u016f\u010dc\u00edch \ud83e\udde0 sebed\u016fv\u011b\u0159e, nervozit\u011b a ment\u00e1ln\u00ed pohod\u011b \ud83d\udc68\u200d\ud83d\udc69\u200d\ud83d\udc66 roli rodi\u010d\u016f p\u0159i tr\u00e9ninku a z\u00e1pase \u2764\ufe0f jak udr\u017eet radost z hokeje \u2013 i kdy\u017e se neda\u0159\u00ed Na\u0161\u00edm c\u00edlem nen\u00ed hodnotit, ale spole\u010dn\u011b r\u016fst \u2013 sd\u00edlet zku\u0161enosti, ot\u00e1zky i mal\u00e9 pokroky. Pokud chcete sv\u00e9mu mlad\u00e9mu g\u00f3lmanovi pomoct vykro\u010dit spr\u00e1vn\u00fdm sm\u011brem, p\u0159idejte se k n\u00e1m.\" \/>\n<meta property=\"og:url\" content=\"https:\/\/teambha.cz\/en\/product\/zive-11-11-2025-online-skupina-rodice-vychova-brankare\/\" \/>\n<meta property=\"og:site_name\" content=\"TEAMBHA\" \/>\n<meta property=\"article:publisher\" content=\"https:\/\/www.facebook.com\/teambhahokej\" \/>\n<meta property=\"article:modified_time\" content=\"2026-01-05T10:56:13+00:00\" \/>\n<meta property=\"og:image\" content=\"https:\/\/teambha.cz\/wp-content\/uploads\/2025\/10\/Rodice-copy.webp\" \/>\n\t<meta property=\"og:image:width\" content=\"1620\" \/>\n\t<meta property=\"og:image:height\" content=\"1524\" \/>\n\t<meta property=\"og:image:type\" content=\"image\/webp\" \/>\n<meta name=\"twitter:card\" content=\"summary_large_image\" \/>\n<meta name=\"twitter:label1\" content=\"Estimated reading time\" \/>\n\t<meta name=\"twitter:data1\" content=\"1 minute\" \/>\n<script type=\"application\/ld+json\" class=\"yoast-schema-graph\">{\"@context\":\"https:\\\/\\\/schema.org\",\"@graph\":[{\"@type\":\"WebPage\",\"@id\":\"https:\\\/\\\/teambha.cz\\\/produkt\\\/zive-11-11-2025-online-skupina-rodice-vychova-brankare\\\/\",\"url\":\"https:\\\/\\\/teambha.cz\\\/produkt\\\/zive-11-11-2025-online-skupina-rodice-vychova-brankare\\\/\",\"name\":\"Z\u00c1ZNAM 11.11.2025 ONLINE SKUPINA RODI\u010cE - V\u00ddCHOVA BRANK\u00c1\u0158E - TEAMBHA\",\"isPartOf\":{\"@id\":\"https:\\\/\\\/teambha.cz\\\/#website\"},\"primaryImageOfPage\":{\"@id\":\"https:\\\/\\\/teambha.cz\\\/produkt\\\/zive-11-11-2025-online-skupina-rodice-vychova-brankare\\\/#primaryimage\"},\"image\":{\"@id\":\"https:\\\/\\\/teambha.cz\\\/produkt\\\/zive-11-11-2025-online-skupina-rodice-vychova-brankare\\\/#primaryimage\"},\"thumbnailUrl\":\"https:\\\/\\\/teambha.cz\\\/wp-content\\\/uploads\\\/2025\\\/10\\\/Rodice-copy.webp\",\"datePublished\":\"2025-10-06T11:15:42+00:00\",\"dateModified\":\"2026-01-05T10:56:13+00:00\",\"breadcrumb\":{\"@id\":\"https:\\\/\\\/teambha.cz\\\/produkt\\\/zive-11-11-2025-online-skupina-rodice-vychova-brankare\\\/#breadcrumb\"},\"inLanguage\":\"en-GB\",\"potentialAction\":[{\"@type\":\"ReadAction\",\"target\":[\"https:\\\/\\\/teambha.cz\\\/produkt\\\/zive-11-11-2025-online-skupina-rodice-vychova-brankare\\\/\"]}]},{\"@type\":\"ImageObject\",\"inLanguage\":\"en-GB\",\"@id\":\"https:\\\/\\\/teambha.cz\\\/produkt\\\/zive-11-11-2025-online-skupina-rodice-vychova-brankare\\\/#primaryimage\",\"url\":\"https:\\\/\\\/teambha.cz\\\/wp-content\\\/uploads\\\/2025\\\/10\\\/Rodice-copy.webp\",\"contentUrl\":\"https:\\\/\\\/teambha.cz\\\/wp-content\\\/uploads\\\/2025\\\/10\\\/Rodice-copy.webp\",\"width\":1620,\"height\":1524},{\"@type\":\"BreadcrumbList\",\"@id\":\"https:\\\/\\\/teambha.cz\\\/produkt\\\/zive-11-11-2025-online-skupina-rodice-vychova-brankare\\\/#breadcrumb\",\"itemListElement\":[{\"@type\":\"ListItem\",\"position\":1,\"name\":\"Dom\u016f\",\"item\":\"https:\\\/\\\/www.teambha.cz\\\/\"},{\"@type\":\"ListItem\",\"position\":2,\"name\":\"Obchod\",\"item\":\"https:\\\/\\\/www.teambha.cz\\\/obchod\\\/\"},{\"@type\":\"ListItem\",\"position\":3,\"name\":\"Z\u00c1ZNAM 11.11.2025 ONLINE SKUPINA RODI\u010cE &#8211; V\u00ddCHOVA BRANK\u00c1\u0158E\"}]},{\"@type\":\"WebSite\",\"@id\":\"https:\\\/\\\/teambha.cz\\\/#website\",\"url\":\"https:\\\/\\\/teambha.cz\\\/\",\"name\":\"TEAMBHA\",\"description\":\"Brank\u00e1\u0159sk\u00e1 hokejov\u00e1 akademie\",\"publisher\":{\"@id\":\"https:\\\/\\\/teambha.cz\\\/#organization\"},\"potentialAction\":[{\"@type\":\"SearchAction\",\"target\":{\"@type\":\"EntryPoint\",\"urlTemplate\":\"https:\\\/\\\/teambha.cz\\\/?s={search_term_string}\"},\"query-input\":{\"@type\":\"PropertyValueSpecification\",\"valueRequired\":true,\"valueName\":\"search_term_string\"}}],\"inLanguage\":\"en-GB\"},{\"@type\":\"Organization\",\"@id\":\"https:\\\/\\\/teambha.cz\\\/#organization\",\"name\":\"TEAMBHA\",\"url\":\"https:\\\/\\\/teambha.cz\\\/\",\"logo\":{\"@type\":\"ImageObject\",\"inLanguage\":\"en-GB\",\"@id\":\"https:\\\/\\\/teambha.cz\\\/#\\\/schema\\\/logo\\\/image\\\/\",\"url\":\"https:\\\/\\\/teambha.cz\\\/wp-content\\\/uploads\\\/2023\\\/03\\\/Logo_teamBHA.svg\",\"contentUrl\":\"https:\\\/\\\/teambha.cz\\\/wp-content\\\/uploads\\\/2023\\\/03\\\/Logo_teamBHA.svg\",\"width\":161,\"height\":208,\"caption\":\"TEAMBHA\"},\"image\":{\"@id\":\"https:\\\/\\\/teambha.cz\\\/#\\\/schema\\\/logo\\\/image\\\/\"},\"sameAs\":[\"https:\\\/\\\/www.facebook.com\\\/teambhahokej\"]}]}<\/script>\n<!-- \/ Yoast SEO plugin. -->","yoast_head_json":{"title":"Z\u00c1ZNAM 11.11.2025 ONLINE SKUPINA RODI\u010cE - V\u00ddCHOVA BRANK\u00c1\u0158E - TEAMBHA","robots":{"index":"index","follow":"follow","max-snippet":"max-snippet:-1","max-image-preview":"max-image-preview:large","max-video-preview":"max-video-preview:-1"},"canonical":"https:\/\/teambha.cz\/en\/product\/zive-11-11-2025-online-skupina-rodice-vychova-brankare\/","og_locale":"en_GB","og_type":"article","og_title":"Z\u00c1ZNAM 11.11.2025 ONLINE SKUPINA RODI\u010cE - V\u00ddCHOVA BRANK\u00c1\u0158E - TEAMBHA","og_description":"Online skupina pro rodi\u010de na t\u00e9mav\u00fdchova brank\u00e1\u0159e  T\u00e9ma Jsme rodi\u010de, kte\u0159\u00ed cht\u011bj\u00ed sv\u00fdm d\u011btem pomoct na jejich brank\u00e1\u0159sk\u00e9 cest\u011b. M\u016fj syn je teprve na za\u010d\u00e1tku a je\u0161t\u011b nechyt\u00e1, ale u\u017e te\u010f v\u00edme, \u017ee tahle cesta je pln\u00e1 radosti i v\u00fdzev. J\u00e1 s\u00e1m chytal od mala a\u017e po profesion\u00e1ln\u00ed \u00farove\u0148 a dob\u0159e si pamatuji, jak se rodi\u010de museli ob\u011btovat, aby n\u00e1m umo\u017enili tr\u00e9novat a r\u016fst. V t\u00e9to skupin\u011b se spole\u010dn\u011b u\u010d\u00edme, jak d\u011bti podporovat, motivovat a pom\u00e1hat jim budovat zdrav\u00fd vztah k hokeji i k sob\u011b sam\u00fdm. Mluv\u00edme o: \ud83e\udd45 prvn\u00edch brank\u00e1\u0159sk\u00fdch kr\u016f\u010dc\u00edch \ud83e\udde0 sebed\u016fv\u011b\u0159e, nervozit\u011b a ment\u00e1ln\u00ed pohod\u011b \ud83d\udc68\u200d\ud83d\udc69\u200d\ud83d\udc66 roli rodi\u010d\u016f p\u0159i tr\u00e9ninku a z\u00e1pase \u2764\ufe0f jak udr\u017eet radost z hokeje \u2013 i kdy\u017e se neda\u0159\u00ed Na\u0161\u00edm c\u00edlem nen\u00ed hodnotit, ale spole\u010dn\u011b r\u016fst \u2013 sd\u00edlet zku\u0161enosti, ot\u00e1zky i mal\u00e9 pokroky. Pokud chcete sv\u00e9mu mlad\u00e9mu g\u00f3lmanovi pomoct vykro\u010dit spr\u00e1vn\u00fdm sm\u011brem, p\u0159idejte se k n\u00e1m.","og_url":"https:\/\/teambha.cz\/en\/product\/zive-11-11-2025-online-skupina-rodice-vychova-brankare\/","og_site_name":"TEAMBHA","article_publisher":"https:\/\/www.facebook.com\/teambhahokej","article_modified_time":"2026-01-05T10:56:13+00:00","og_image":[{"width":1620,"height":1524,"url":"https:\/\/teambha.cz\/wp-content\/uploads\/2025\/10\/Rodice-copy.webp","type":"image\/webp"}],"twitter_card":"summary_large_image","twitter_misc":{"Estimated reading time":"1 minute"},"schema":{"@context":"https:\/\/schema.org","@graph":[{"@type":"WebPage","@id":"https:\/\/teambha.cz\/produkt\/zive-11-11-2025-online-skupina-rodice-vychova-brankare\/","url":"https:\/\/teambha.cz\/produkt\/zive-11-11-2025-online-skupina-rodice-vychova-brankare\/","name":"Z\u00c1ZNAM 11.11.2025 ONLINE SKUPINA RODI\u010cE - V\u00ddCHOVA BRANK\u00c1\u0158E - TEAMBHA","isPartOf":{"@id":"https:\/\/teambha.cz\/#website"},"primaryImageOfPage":{"@id":"https:\/\/teambha.cz\/produkt\/zive-11-11-2025-online-skupina-rodice-vychova-brankare\/#primaryimage"},"image":{"@id":"https:\/\/teambha.cz\/produkt\/zive-11-11-2025-online-skupina-rodice-vychova-brankare\/#primaryimage"},"thumbnailUrl":"https:\/\/teambha.cz\/wp-content\/uploads\/2025\/10\/Rodice-copy.webp","datePublished":"2025-10-06T11:15:42+00:00","dateModified":"2026-01-05T10:56:13+00:00","breadcrumb":{"@id":"https:\/\/teambha.cz\/produkt\/zive-11-11-2025-online-skupina-rodice-vychova-brankare\/#breadcrumb"},"inLanguage":"en-GB","potentialAction":[{"@type":"ReadAction","target":["https:\/\/teambha.cz\/produkt\/zive-11-11-2025-online-skupina-rodice-vychova-brankare\/"]}]},{"@type":"ImageObject","inLanguage":"en-GB","@id":"https:\/\/teambha.cz\/produkt\/zive-11-11-2025-online-skupina-rodice-vychova-brankare\/#primaryimage","url":"https:\/\/teambha.cz\/wp-content\/uploads\/2025\/10\/Rodice-copy.webp","contentUrl":"https:\/\/teambha.cz\/wp-content\/uploads\/2025\/10\/Rodice-copy.webp","width":1620,"height":1524},{"@type":"BreadcrumbList","@id":"https:\/\/teambha.cz\/produkt\/zive-11-11-2025-online-skupina-rodice-vychova-brankare\/#breadcrumb","itemListElement":[{"@type":"ListItem","position":1,"name":"Dom\u016f","item":"https:\/\/www.teambha.cz\/"},{"@type":"ListItem","position":2,"name":"Obchod","item":"https:\/\/www.teambha.cz\/obchod\/"},{"@type":"ListItem","position":3,"name":"Z\u00c1ZNAM 11.11.2025 ONLINE SKUPINA RODI\u010cE &#8211; V\u00ddCHOVA BRANK\u00c1\u0158E"}]},{"@type":"WebSite","@id":"https:\/\/teambha.cz\/#website","url":"https:\/\/teambha.cz\/","name":"TEAMBHA","description":"Brank\u00e1\u0159sk\u00e1 hokejov\u00e1 akademie","publisher":{"@id":"https:\/\/teambha.cz\/#organization"},"potentialAction":[{"@type":"SearchAction","target":{"@type":"EntryPoint","urlTemplate":"https:\/\/teambha.cz\/?s={search_term_string}"},"query-input":{"@type":"PropertyValueSpecification","valueRequired":true,"valueName":"search_term_string"}}],"inLanguage":"en-GB"},{"@type":"Organization","@id":"https:\/\/teambha.cz\/#organization","name":"TEAMBHA","url":"https:\/\/teambha.cz\/","logo":{"@type":"ImageObject","inLanguage":"en-GB","@id":"https:\/\/teambha.cz\/#\/schema\/logo\/image\/","url":"https:\/\/teambha.cz\/wp-content\/uploads\/2023\/03\/Logo_teamBHA.svg","contentUrl":"https:\/\/teambha.cz\/wp-content\/uploads\/2023\/03\/Logo_teamBHA.svg","width":161,"height":208,"caption":"TEAMBHA"},"image":{"@id":"https:\/\/teambha.cz\/#\/schema\/logo\/image\/"},"sameAs":["https:\/\/www.facebook.com\/teambhahokej"]}]}},"_links":{"self":[{"href":"https:\/\/teambha.cz\/en\/wp-json\/wp\/v2\/product\/18426","targetHints":{"allow":["GET"]}}],"collection":[{"href":"https:\/\/teambha.cz\/en\/wp-json\/wp\/v2\/product"}],"about":[{"href":"https:\/\/teambha.cz\/en\/wp-json\/wp\/v2\/types\/product"}],"wp:featuredmedia":[{"embeddable":true,"href":"https:\/\/teambha.cz\/en\/wp-json\/wp\/v2\/media\/18427"}],"wp:attachment":[{"href":"https:\/\/teambha.cz\/en\/wp-json\/wp\/v2\/media?parent=18426"}],"wp:term":[{"taxonomy":"product_brand","embeddable":true,"href":"https:\/\/teambha.cz\/en\/wp-json\/wp\/v2\/product_brand?post=18426"},{"taxonomy":"product_cat","embeddable":true,"href":"https:\/\/teambha.cz\/en\/wp-json\/wp\/v2\/product_cat?post=18426"},{"taxonomy":"product_tag","embeddable":true,"href":"https:\/\/teambha.cz\/en\/wp-json\/wp\/v2\/product_tag?post=18426"}],"curies":[{"name":"wp","href":"https:\/\/api.w.org\/{rel}","templated":true}]}}