{"id":17712,"date":"2025-09-08T12:22:09","date_gmt":"2025-09-08T10:22:09","guid":{"rendered":"https:\/\/teambha.cz\/?post_type=product&#038;p=17712"},"modified":"2026-01-05T11:56:18","modified_gmt":"2026-01-05T10:56:18","slug":"7-10-2025-online-skupina-rutina-vs-ritualy","status":"publish","type":"product","link":"https:\/\/teambha.cz\/en\/product\/7-10-2025-online-skupina-rutina-vs-ritualy\/","title":{"rendered":"Z\u00c1ZNAM 7.10.2025 ONLINE SKUPINA &#8211; RUTINA VS RITU\u00c1LY"},"content":{"rendered":"<p>Online skupina pro brank\u00e1\u0159e na t\u00e9ma rutina vs ritu\u00e1ly<\/p>\n<p>D\u00e9lka trv\u00e1n\u00ed 1 h.<\/p>\n<p>Aplikace ZOOM<\/p>\n<p>Odkaz pro sledov\u00e1n\u00ed skupiny bude odesl\u00e1n v den kon\u00e1n\u00ed<\/p>\n<p><strong>T\u00e9ma<\/strong><\/p>\n<p class=\"p1\">Ka\u017ed\u00fd brank\u00e1\u0159 zn\u00e1 pocit, kdy chce p\u0159ed z\u00e1pasem \u201en\u011bco ud\u011blat spr\u00e1vn\u011b\u201c, aby byl p\u0159ipraven\u00fd. Jen\u017ee ne v\u017edy je jasn\u00e9, co je rutina a co u\u017e je ritu\u00e1l.<\/p>\n<ul>\n<li>\n<p class=\"p1\"><span class=\"s1\"><b>Rutina<\/b><\/span> je v\u011bdom\u00fd, praktick\u00fd postup, kter\u00fd ti pom\u00e1h\u00e1 k jistot\u011b a stabilit\u011b. Nap\u0159\u00edklad stejn\u00fd rozcvi\u010dovac\u00ed blok p\u0159ed tr\u00e9ninkem nebo zp\u016fsob, jak se p\u0159iprav\u00ed\u0161 na prvn\u00ed st\u0159elu. Rutina t\u011b podporuje.<\/p>\n<\/li>\n<li>\n<p class=\"p1\"><span class=\"s1\"><b>Ritu\u00e1l<\/b><\/span> je osobn\u00ed \u201espou\u0161t\u011b\u010d\u201c, kter\u00fd t\u011b dostane do hern\u00edho nalad\u011bn\u00ed. M\u016f\u017ee to b\u00fdt gesto, my\u0161lenka, dotek ty\u010dky nebo kr\u00e1tk\u00e1 vizualizace. Ritu\u00e1l ti pom\u00e1h\u00e1 soust\u0159edit se, ale nesm\u00ed se st\u00e1t z\u00e1vislost\u00ed, jinak za\u010dne svazovat.<\/p>\n<\/li>\n<\/ul>\n<p class=\"p1\">V t\u00e9to online skupin\u011b si uk\u00e1\u017eeme, jak si nastavit rutiny, kter\u00e9 ti daj\u00ed stabiln\u00ed z\u00e1klad, a jak pou\u017e\u00edvat ritu\u00e1ly tak, aby byly zdrojem energie, ne slabinou. Nau\u010d\u00ed\u0161 se rozpoznat, co ti skute\u010dn\u011b pom\u00e1h\u00e1, a co t\u011b naopak zbyte\u010dn\u011b zat\u011b\u017euje.<\/p>","protected":false},"excerpt":{"rendered":"<p>Online skupina pro brank\u00e1\u0159e na t\u00e9ma rutina vs ritu\u00e1ly<\/p>\n<p>D\u00e9lka trv\u00e1n\u00ed 1 h.<\/p>\n<p>Aplikace ZOOM<\/p>\n<p>Odkaz pro sledov\u00e1n\u00ed skupiny bude odesl\u00e1n v den kon\u00e1n\u00ed<\/p>\n<p><strong>T\u00e9ma<\/strong><\/p>\n<p class=\"p1\">Ka\u017ed\u00fd brank\u00e1\u0159 zn\u00e1 pocit, kdy chce p\u0159ed z\u00e1pasem \u201en\u011bco ud\u011blat spr\u00e1vn\u011b\u201c, aby byl p\u0159ipraven\u00fd. Jen\u017ee ne v\u017edy je jasn\u00e9, co je rutina a co u\u017e je ritu\u00e1l.<\/p>\n<ul>\n<li>\n<p class=\"p1\"><span class=\"s1\"><b>Rutina<\/b><\/span> je v\u011bdom\u00fd, praktick\u00fd postup, kter\u00fd ti pom\u00e1h\u00e1 k jistot\u011b a stabilit\u011b. Nap\u0159\u00edklad stejn\u00fd rozcvi\u010dovac\u00ed blok p\u0159ed tr\u00e9ninkem nebo zp\u016fsob, jak se p\u0159iprav\u00ed\u0161 na prvn\u00ed st\u0159elu. Rutina t\u011b podporuje.<\/p>\n<\/li>\n<li>\n<p class=\"p1\"><span class=\"s1\"><b>Ritu\u00e1l<\/b><\/span> je osobn\u00ed \u201espou\u0161t\u011b\u010d\u201c, kter\u00fd t\u011b dostane do hern\u00edho nalad\u011bn\u00ed. M\u016f\u017ee to b\u00fdt gesto, my\u0161lenka, dotek ty\u010dky nebo kr\u00e1tk\u00e1 vizualizace. Ritu\u00e1l ti pom\u00e1h\u00e1 soust\u0159edit se, ale nesm\u00ed se st\u00e1t z\u00e1vislost\u00ed, jinak za\u010dne svazovat.<\/p>\n<\/li>\n<\/ul>\n<p class=\"p1\">V t\u00e9to online skupin\u011b si uk\u00e1\u017eeme, jak si nastavit rutiny, kter\u00e9 ti daj\u00ed stabiln\u00ed z\u00e1klad, a jak pou\u017e\u00edvat ritu\u00e1ly tak, aby byly zdrojem energie, ne slabinou. Nau\u010d\u00ed\u0161 se rozpoznat, co ti skute\u010dn\u011b pom\u00e1h\u00e1, a co t\u011b naopak zbyte\u010dn\u011b zat\u011b\u017euje.<\/p>","protected":false},"featured_media":18801,"template":"","meta":{"_acf_changed":false},"product_brand":[],"product_cat":[46],"product_tag":[],"class_list":{"0":"post-17712","1":"product","2":"type-product","3":"status-publish","4":"has-post-thumbnail","6":"product_cat-webinare","8":"first","9":"instock","10":"downloadable","11":"virtual","12":"taxable","13":"purchasable","14":"product-type-simple"},"acf":[],"yoast_head":"<!-- This site is optimized with the Yoast SEO plugin v27.4 - https:\/\/yoast.com\/product\/yoast-seo-wordpress\/ -->\n<title>Z\u00c1ZNAM 7.10.2025 ONLINE SKUPINA - RUTINA VS RITU\u00c1LY - TEAMBHA<\/title>\n<meta name=\"robots\" content=\"index, follow, max-snippet:-1, max-image-preview:large, max-video-preview:-1\" \/>\n<link rel=\"canonical\" href=\"https:\/\/teambha.cz\/en\/product\/7-10-2025-online-skupina-rutina-vs-ritualy\/\" \/>\n<meta property=\"og:locale\" content=\"en_GB\" \/>\n<meta property=\"og:type\" content=\"article\" \/>\n<meta property=\"og:title\" content=\"Z\u00c1ZNAM 7.10.2025 ONLINE SKUPINA - RUTINA VS RITU\u00c1LY - TEAMBHA\" \/>\n<meta property=\"og:description\" content=\"Online skupina pro brank\u00e1\u0159e na t\u00e9ma rutina vs ritu\u00e1ly  D\u00e9lka trv\u00e1n\u00ed 1 h.  Aplikace ZOOM  Odkaz pro sledov\u00e1n\u00ed skupiny bude odesl\u00e1n v den kon\u00e1n\u00ed  T\u00e9ma Ka\u017ed\u00fd brank\u00e1\u0159 zn\u00e1 pocit, kdy chce p\u0159ed z\u00e1pasem \u201en\u011bco ud\u011blat spr\u00e1vn\u011b\u201c, aby byl p\u0159ipraven\u00fd. Jen\u017ee ne v\u017edy je jasn\u00e9, co je rutina a co u\u017e je ritu\u00e1l.     Rutina je v\u011bdom\u00fd, praktick\u00fd postup, kter\u00fd ti pom\u00e1h\u00e1 k jistot\u011b a stabilit\u011b. Nap\u0159\u00edklad stejn\u00fd rozcvi\u010dovac\u00ed blok p\u0159ed tr\u00e9ninkem nebo zp\u016fsob, jak se p\u0159iprav\u00ed\u0161 na prvn\u00ed st\u0159elu. Rutina t\u011b podporuje.    Ritu\u00e1l je osobn\u00ed \u201espou\u0161t\u011b\u010d\u201c, kter\u00fd t\u011b dostane do hern\u00edho nalad\u011bn\u00ed. M\u016f\u017ee to b\u00fdt gesto, my\u0161lenka, dotek ty\u010dky nebo kr\u00e1tk\u00e1 vizualizace. Ritu\u00e1l ti pom\u00e1h\u00e1 soust\u0159edit se, ale nesm\u00ed se st\u00e1t z\u00e1vislost\u00ed, jinak za\u010dne svazovat.   V t\u00e9to online skupin\u011b si uk\u00e1\u017eeme, jak si nastavit rutiny, kter\u00e9 ti daj\u00ed stabiln\u00ed z\u00e1klad, a jak pou\u017e\u00edvat ritu\u00e1ly tak, aby byly zdrojem energie, ne slabinou. Nau\u010d\u00ed\u0161 se rozpoznat, co ti skute\u010dn\u011b pom\u00e1h\u00e1, a co t\u011b naopak zbyte\u010dn\u011b zat\u011b\u017euje.\" \/>\n<meta property=\"og:url\" content=\"https:\/\/teambha.cz\/en\/product\/7-10-2025-online-skupina-rutina-vs-ritualy\/\" \/>\n<meta property=\"og:site_name\" content=\"TEAMBHA\" \/>\n<meta property=\"article:publisher\" content=\"https:\/\/www.facebook.com\/teambhahokej\" \/>\n<meta property=\"article:modified_time\" content=\"2026-01-05T10:56:18+00:00\" \/>\n<meta property=\"og:image\" content=\"https:\/\/teambha.cz\/wp-content\/uploads\/2025\/09\/Brankari-copy.webp\" \/>\n\t<meta property=\"og:image:width\" content=\"1620\" \/>\n\t<meta property=\"og:image:height\" content=\"1524\" \/>\n\t<meta property=\"og:image:type\" content=\"image\/webp\" \/>\n<meta name=\"twitter:card\" content=\"summary_large_image\" \/>\n<meta name=\"twitter:label1\" content=\"Estimated reading time\" \/>\n\t<meta name=\"twitter:data1\" content=\"2 minutes\" \/>\n<script type=\"application\/ld+json\" class=\"yoast-schema-graph\">{\"@context\":\"https:\\\/\\\/schema.org\",\"@graph\":[{\"@type\":\"WebPage\",\"@id\":\"https:\\\/\\\/teambha.cz\\\/produkt\\\/7-10-2025-online-skupina-rutina-vs-ritualy\\\/\",\"url\":\"https:\\\/\\\/teambha.cz\\\/produkt\\\/7-10-2025-online-skupina-rutina-vs-ritualy\\\/\",\"name\":\"Z\u00c1ZNAM 7.10.2025 ONLINE SKUPINA - RUTINA VS RITU\u00c1LY - TEAMBHA\",\"isPartOf\":{\"@id\":\"https:\\\/\\\/teambha.cz\\\/#website\"},\"primaryImageOfPage\":{\"@id\":\"https:\\\/\\\/teambha.cz\\\/produkt\\\/7-10-2025-online-skupina-rutina-vs-ritualy\\\/#primaryimage\"},\"image\":{\"@id\":\"https:\\\/\\\/teambha.cz\\\/produkt\\\/7-10-2025-online-skupina-rutina-vs-ritualy\\\/#primaryimage\"},\"thumbnailUrl\":\"https:\\\/\\\/teambha.cz\\\/wp-content\\\/uploads\\\/2025\\\/09\\\/Brankari-copy.webp\",\"datePublished\":\"2025-09-08T10:22:09+00:00\",\"dateModified\":\"2026-01-05T10:56:18+00:00\",\"breadcrumb\":{\"@id\":\"https:\\\/\\\/teambha.cz\\\/produkt\\\/7-10-2025-online-skupina-rutina-vs-ritualy\\\/#breadcrumb\"},\"inLanguage\":\"en-GB\",\"potentialAction\":[{\"@type\":\"ReadAction\",\"target\":[\"https:\\\/\\\/teambha.cz\\\/produkt\\\/7-10-2025-online-skupina-rutina-vs-ritualy\\\/\"]}]},{\"@type\":\"ImageObject\",\"inLanguage\":\"en-GB\",\"@id\":\"https:\\\/\\\/teambha.cz\\\/produkt\\\/7-10-2025-online-skupina-rutina-vs-ritualy\\\/#primaryimage\",\"url\":\"https:\\\/\\\/teambha.cz\\\/wp-content\\\/uploads\\\/2025\\\/09\\\/Brankari-copy.webp\",\"contentUrl\":\"https:\\\/\\\/teambha.cz\\\/wp-content\\\/uploads\\\/2025\\\/09\\\/Brankari-copy.webp\",\"width\":1620,\"height\":1524},{\"@type\":\"BreadcrumbList\",\"@id\":\"https:\\\/\\\/teambha.cz\\\/produkt\\\/7-10-2025-online-skupina-rutina-vs-ritualy\\\/#breadcrumb\",\"itemListElement\":[{\"@type\":\"ListItem\",\"position\":1,\"name\":\"Dom\u016f\",\"item\":\"https:\\\/\\\/www.teambha.cz\\\/\"},{\"@type\":\"ListItem\",\"position\":2,\"name\":\"Obchod\",\"item\":\"https:\\\/\\\/www.teambha.cz\\\/obchod\\\/\"},{\"@type\":\"ListItem\",\"position\":3,\"name\":\"Z\u00c1ZNAM 7.10.2025 ONLINE SKUPINA &#8211; RUTINA VS RITU\u00c1LY\"}]},{\"@type\":\"WebSite\",\"@id\":\"https:\\\/\\\/teambha.cz\\\/#website\",\"url\":\"https:\\\/\\\/teambha.cz\\\/\",\"name\":\"TEAMBHA\",\"description\":\"Brank\u00e1\u0159sk\u00e1 hokejov\u00e1 akademie\",\"publisher\":{\"@id\":\"https:\\\/\\\/teambha.cz\\\/#organization\"},\"potentialAction\":[{\"@type\":\"SearchAction\",\"target\":{\"@type\":\"EntryPoint\",\"urlTemplate\":\"https:\\\/\\\/teambha.cz\\\/?s={search_term_string}\"},\"query-input\":{\"@type\":\"PropertyValueSpecification\",\"valueRequired\":true,\"valueName\":\"search_term_string\"}}],\"inLanguage\":\"en-GB\"},{\"@type\":\"Organization\",\"@id\":\"https:\\\/\\\/teambha.cz\\\/#organization\",\"name\":\"TEAMBHA\",\"url\":\"https:\\\/\\\/teambha.cz\\\/\",\"logo\":{\"@type\":\"ImageObject\",\"inLanguage\":\"en-GB\",\"@id\":\"https:\\\/\\\/teambha.cz\\\/#\\\/schema\\\/logo\\\/image\\\/\",\"url\":\"https:\\\/\\\/teambha.cz\\\/wp-content\\\/uploads\\\/2023\\\/03\\\/Logo_teamBHA.svg\",\"contentUrl\":\"https:\\\/\\\/teambha.cz\\\/wp-content\\\/uploads\\\/2023\\\/03\\\/Logo_teamBHA.svg\",\"width\":161,\"height\":208,\"caption\":\"TEAMBHA\"},\"image\":{\"@id\":\"https:\\\/\\\/teambha.cz\\\/#\\\/schema\\\/logo\\\/image\\\/\"},\"sameAs\":[\"https:\\\/\\\/www.facebook.com\\\/teambhahokej\"]}]}<\/script>\n<!-- \/ Yoast SEO plugin. -->","yoast_head_json":{"title":"Z\u00c1ZNAM 7.10.2025 ONLINE SKUPINA - RUTINA VS RITU\u00c1LY - TEAMBHA","robots":{"index":"index","follow":"follow","max-snippet":"max-snippet:-1","max-image-preview":"max-image-preview:large","max-video-preview":"max-video-preview:-1"},"canonical":"https:\/\/teambha.cz\/en\/product\/7-10-2025-online-skupina-rutina-vs-ritualy\/","og_locale":"en_GB","og_type":"article","og_title":"Z\u00c1ZNAM 7.10.2025 ONLINE SKUPINA - RUTINA VS RITU\u00c1LY - TEAMBHA","og_description":"Online skupina pro brank\u00e1\u0159e na t\u00e9ma rutina vs ritu\u00e1ly  D\u00e9lka trv\u00e1n\u00ed 1 h.  Aplikace ZOOM  Odkaz pro sledov\u00e1n\u00ed skupiny bude odesl\u00e1n v den kon\u00e1n\u00ed  T\u00e9ma Ka\u017ed\u00fd brank\u00e1\u0159 zn\u00e1 pocit, kdy chce p\u0159ed z\u00e1pasem \u201en\u011bco ud\u011blat spr\u00e1vn\u011b\u201c, aby byl p\u0159ipraven\u00fd. Jen\u017ee ne v\u017edy je jasn\u00e9, co je rutina a co u\u017e je ritu\u00e1l.     Rutina je v\u011bdom\u00fd, praktick\u00fd postup, kter\u00fd ti pom\u00e1h\u00e1 k jistot\u011b a stabilit\u011b. Nap\u0159\u00edklad stejn\u00fd rozcvi\u010dovac\u00ed blok p\u0159ed tr\u00e9ninkem nebo zp\u016fsob, jak se p\u0159iprav\u00ed\u0161 na prvn\u00ed st\u0159elu. Rutina t\u011b podporuje.    Ritu\u00e1l je osobn\u00ed \u201espou\u0161t\u011b\u010d\u201c, kter\u00fd t\u011b dostane do hern\u00edho nalad\u011bn\u00ed. M\u016f\u017ee to b\u00fdt gesto, my\u0161lenka, dotek ty\u010dky nebo kr\u00e1tk\u00e1 vizualizace. Ritu\u00e1l ti pom\u00e1h\u00e1 soust\u0159edit se, ale nesm\u00ed se st\u00e1t z\u00e1vislost\u00ed, jinak za\u010dne svazovat.   V t\u00e9to online skupin\u011b si uk\u00e1\u017eeme, jak si nastavit rutiny, kter\u00e9 ti daj\u00ed stabiln\u00ed z\u00e1klad, a jak pou\u017e\u00edvat ritu\u00e1ly tak, aby byly zdrojem energie, ne slabinou. Nau\u010d\u00ed\u0161 se rozpoznat, co ti skute\u010dn\u011b pom\u00e1h\u00e1, a co t\u011b naopak zbyte\u010dn\u011b zat\u011b\u017euje.","og_url":"https:\/\/teambha.cz\/en\/product\/7-10-2025-online-skupina-rutina-vs-ritualy\/","og_site_name":"TEAMBHA","article_publisher":"https:\/\/www.facebook.com\/teambhahokej","article_modified_time":"2026-01-05T10:56:18+00:00","og_image":[{"width":1620,"height":1524,"url":"https:\/\/teambha.cz\/wp-content\/uploads\/2025\/09\/Brankari-copy.webp","type":"image\/webp"}],"twitter_card":"summary_large_image","twitter_misc":{"Estimated reading time":"2 minutes"},"schema":{"@context":"https:\/\/schema.org","@graph":[{"@type":"WebPage","@id":"https:\/\/teambha.cz\/produkt\/7-10-2025-online-skupina-rutina-vs-ritualy\/","url":"https:\/\/teambha.cz\/produkt\/7-10-2025-online-skupina-rutina-vs-ritualy\/","name":"Z\u00c1ZNAM 7.10.2025 ONLINE SKUPINA - RUTINA VS RITU\u00c1LY - TEAMBHA","isPartOf":{"@id":"https:\/\/teambha.cz\/#website"},"primaryImageOfPage":{"@id":"https:\/\/teambha.cz\/produkt\/7-10-2025-online-skupina-rutina-vs-ritualy\/#primaryimage"},"image":{"@id":"https:\/\/teambha.cz\/produkt\/7-10-2025-online-skupina-rutina-vs-ritualy\/#primaryimage"},"thumbnailUrl":"https:\/\/teambha.cz\/wp-content\/uploads\/2025\/09\/Brankari-copy.webp","datePublished":"2025-09-08T10:22:09+00:00","dateModified":"2026-01-05T10:56:18+00:00","breadcrumb":{"@id":"https:\/\/teambha.cz\/produkt\/7-10-2025-online-skupina-rutina-vs-ritualy\/#breadcrumb"},"inLanguage":"en-GB","potentialAction":[{"@type":"ReadAction","target":["https:\/\/teambha.cz\/produkt\/7-10-2025-online-skupina-rutina-vs-ritualy\/"]}]},{"@type":"ImageObject","inLanguage":"en-GB","@id":"https:\/\/teambha.cz\/produkt\/7-10-2025-online-skupina-rutina-vs-ritualy\/#primaryimage","url":"https:\/\/teambha.cz\/wp-content\/uploads\/2025\/09\/Brankari-copy.webp","contentUrl":"https:\/\/teambha.cz\/wp-content\/uploads\/2025\/09\/Brankari-copy.webp","width":1620,"height":1524},{"@type":"BreadcrumbList","@id":"https:\/\/teambha.cz\/produkt\/7-10-2025-online-skupina-rutina-vs-ritualy\/#breadcrumb","itemListElement":[{"@type":"ListItem","position":1,"name":"Dom\u016f","item":"https:\/\/www.teambha.cz\/"},{"@type":"ListItem","position":2,"name":"Obchod","item":"https:\/\/www.teambha.cz\/obchod\/"},{"@type":"ListItem","position":3,"name":"Z\u00c1ZNAM 7.10.2025 ONLINE SKUPINA &#8211; RUTINA VS RITU\u00c1LY"}]},{"@type":"WebSite","@id":"https:\/\/teambha.cz\/#website","url":"https:\/\/teambha.cz\/","name":"TEAMBHA","description":"Brank\u00e1\u0159sk\u00e1 hokejov\u00e1 akademie","publisher":{"@id":"https:\/\/teambha.cz\/#organization"},"potentialAction":[{"@type":"SearchAction","target":{"@type":"EntryPoint","urlTemplate":"https:\/\/teambha.cz\/?s={search_term_string}"},"query-input":{"@type":"PropertyValueSpecification","valueRequired":true,"valueName":"search_term_string"}}],"inLanguage":"en-GB"},{"@type":"Organization","@id":"https:\/\/teambha.cz\/#organization","name":"TEAMBHA","url":"https:\/\/teambha.cz\/","logo":{"@type":"ImageObject","inLanguage":"en-GB","@id":"https:\/\/teambha.cz\/#\/schema\/logo\/image\/","url":"https:\/\/teambha.cz\/wp-content\/uploads\/2023\/03\/Logo_teamBHA.svg","contentUrl":"https:\/\/teambha.cz\/wp-content\/uploads\/2023\/03\/Logo_teamBHA.svg","width":161,"height":208,"caption":"TEAMBHA"},"image":{"@id":"https:\/\/teambha.cz\/#\/schema\/logo\/image\/"},"sameAs":["https:\/\/www.facebook.com\/teambhahokej"]}]}},"_links":{"self":[{"href":"https:\/\/teambha.cz\/en\/wp-json\/wp\/v2\/product\/17712","targetHints":{"allow":["GET"]}}],"collection":[{"href":"https:\/\/teambha.cz\/en\/wp-json\/wp\/v2\/product"}],"about":[{"href":"https:\/\/teambha.cz\/en\/wp-json\/wp\/v2\/types\/product"}],"wp:featuredmedia":[{"embeddable":true,"href":"https:\/\/teambha.cz\/en\/wp-json\/wp\/v2\/media\/18801"}],"wp:attachment":[{"href":"https:\/\/teambha.cz\/en\/wp-json\/wp\/v2\/media?parent=17712"}],"wp:term":[{"taxonomy":"product_brand","embeddable":true,"href":"https:\/\/teambha.cz\/en\/wp-json\/wp\/v2\/product_brand?post=17712"},{"taxonomy":"product_cat","embeddable":true,"href":"https:\/\/teambha.cz\/en\/wp-json\/wp\/v2\/product_cat?post=17712"},{"taxonomy":"product_tag","embeddable":true,"href":"https:\/\/teambha.cz\/en\/wp-json\/wp\/v2\/product_tag?post=17712"}],"curies":[{"name":"wp","href":"https:\/\/api.w.org\/{rel}","templated":true}]}}