{"id":17367,"date":"2025-08-27T11:49:47","date_gmt":"2025-08-27T09:49:47","guid":{"rendered":"https:\/\/teambha.cz\/?post_type=product&#038;p=17367"},"modified":"2026-02-13T16:50:46","modified_gmt":"2026-02-13T15:50:46","slug":"rozbor-zapasu-games","status":"publish","type":"product","link":"https:\/\/teambha.cz\/en\/product\/rozbor-zapasu-games\/","title":{"rendered":"Rozbor z\u00e1pasu GAMES"},"content":{"rendered":"<p>This is a complete video analysis of your goalkeeper's match. It also includes the psychology of catching and valuable advice on how to avoid mistakes in the match, training off the ice and on the ice.<\/p>\n<p class=\"p1\">Po zakoupen\u00ed t\u00e9to slu\u017eby v\u00e1m budou na v\u00e1\u0161 e-mail zasl\u00e1ny ve\u0161ker\u00e9 pot\u0159ebn\u00e9 informace k zasl\u00e1n\u00ed videa. N\u00e1sledn\u011b p\u0159iprav\u00edme detailn\u00ed videorozbor, kter\u00fd v\u00e1m pom\u016f\u017ee odhalit siln\u00e9 i slab\u00e9 str\u00e1nky a posunout v\u00e1\u0161 v\u00fdkon na vy\u0161\u0161\u00ed \u00farove\u0148.<\/p>","protected":false},"excerpt":{"rendered":"<p>This is a complete video analysis of your goalkeeper's match. It also includes the psychology of catching and valuable advice on how to avoid mistakes in the match, training off the ice and on the ice.<\/p>\n<p class=\"p1\">Po zakoupen\u00ed t\u00e9to slu\u017eby v\u00e1m budou na v\u00e1\u0161 e-mail zasl\u00e1ny ve\u0161ker\u00e9 pot\u0159ebn\u00e9 informace k zasl\u00e1n\u00ed videa. N\u00e1sledn\u011b p\u0159iprav\u00edme detailn\u00ed videorozbor, kter\u00fd v\u00e1m pom\u016f\u017ee odhalit siln\u00e9 i slab\u00e9 str\u00e1nky a posunout v\u00e1\u0161 v\u00fdkon na vy\u0161\u0161\u00ed \u00farove\u0148.<\/p>","protected":false},"featured_media":1546,"template":"","meta":{"_acf_changed":false},"product_brand":[],"product_cat":[19],"product_tag":[],"class_list":{"0":"post-17367","1":"product","2":"type-product","3":"status-publish","4":"has-post-thumbnail","6":"product_cat-nezarazene","8":"first","9":"instock","10":"downloadable","11":"virtual","12":"taxable","13":"purchasable","14":"product-type-simple"},"acf":[],"yoast_head":"<!-- This site is optimized with the Yoast SEO plugin v27.4 - https:\/\/yoast.com\/product\/yoast-seo-wordpress\/ -->\n<title>Rozbor z\u00e1pasu GAMES - TEAMBHA<\/title>\n<meta name=\"robots\" content=\"index, follow, max-snippet:-1, max-image-preview:large, max-video-preview:-1\" \/>\n<link rel=\"canonical\" href=\"https:\/\/teambha.cz\/en\/product\/rozbor-zapasu-games\/\" \/>\n<meta property=\"og:locale\" content=\"en_GB\" \/>\n<meta property=\"og:type\" content=\"article\" \/>\n<meta property=\"og:title\" content=\"Rozbor z\u00e1pasu GAMES - TEAMBHA\" \/>\n<meta property=\"og:description\" content=\"Jedn\u00e1 se kompletn\u00ed videoanal\u00fdzu z\u00e1pasu va\u0161eho brank\u00e1\u0159e. Sou\u010d\u00e1sti je tak\u00e9 psychologie chyt\u00e1n\u00ed a a cenn\u00e9 rady jak se vyvarovat chyb v z\u00e1pase , tr\u00e9ninkem mimo led, tak na led\u011b. Po zakoupen\u00ed t\u00e9to slu\u017eby v\u00e1m budou na v\u00e1\u0161 e-mail zasl\u00e1ny ve\u0161ker\u00e9 pot\u0159ebn\u00e9 informace k zasl\u00e1n\u00ed videa. N\u00e1sledn\u011b p\u0159iprav\u00edme detailn\u00ed videorozbor, kter\u00fd v\u00e1m pom\u016f\u017ee odhalit siln\u00e9 i slab\u00e9 str\u00e1nky a posunout v\u00e1\u0161 v\u00fdkon na vy\u0161\u0161\u00ed \u00farove\u0148.\" \/>\n<meta property=\"og:url\" content=\"https:\/\/teambha.cz\/en\/product\/rozbor-zapasu-games\/\" \/>\n<meta property=\"og:site_name\" content=\"TEAMBHA\" \/>\n<meta property=\"article:publisher\" content=\"https:\/\/www.facebook.com\/teambhahokej\" \/>\n<meta property=\"article:modified_time\" content=\"2026-02-13T15:50:46+00:00\" \/>\n<meta property=\"og:image\" content=\"https:\/\/teambha.cz\/wp-content\/uploads\/2023\/06\/Ipad.webp\" \/>\n\t<meta property=\"og:image:width\" content=\"1000\" \/>\n\t<meta property=\"og:image:height\" content=\"675\" \/>\n\t<meta property=\"og:image:type\" content=\"image\/webp\" \/>\n<meta name=\"twitter:card\" content=\"summary_large_image\" \/>\n<meta name=\"twitter:label1\" content=\"Estimated reading time\" \/>\n\t<meta name=\"twitter:data1\" content=\"1 minute\" \/>\n<script type=\"application\/ld+json\" class=\"yoast-schema-graph\">{\"@context\":\"https:\\\/\\\/schema.org\",\"@graph\":[{\"@type\":\"WebPage\",\"@id\":\"https:\\\/\\\/teambha.cz\\\/en\\\/product\\\/rozbor-zapasu-games\\\/\",\"url\":\"https:\\\/\\\/teambha.cz\\\/en\\\/product\\\/rozbor-zapasu-games\\\/\",\"name\":\"Rozbor z\u00e1pasu GAMES - TEAMBHA\",\"isPartOf\":{\"@id\":\"https:\\\/\\\/teambha.cz\\\/#website\"},\"primaryImageOfPage\":{\"@id\":\"https:\\\/\\\/teambha.cz\\\/en\\\/product\\\/rozbor-zapasu-games\\\/#primaryimage\"},\"image\":{\"@id\":\"https:\\\/\\\/teambha.cz\\\/en\\\/product\\\/rozbor-zapasu-games\\\/#primaryimage\"},\"thumbnailUrl\":\"https:\\\/\\\/teambha.cz\\\/wp-content\\\/uploads\\\/2023\\\/06\\\/Ipad.webp\",\"datePublished\":\"2025-08-27T09:49:47+00:00\",\"dateModified\":\"2026-02-13T15:50:46+00:00\",\"breadcrumb\":{\"@id\":\"https:\\\/\\\/teambha.cz\\\/en\\\/product\\\/rozbor-zapasu-games\\\/#breadcrumb\"},\"inLanguage\":\"en-GB\",\"potentialAction\":[{\"@type\":\"ReadAction\",\"target\":[\"https:\\\/\\\/teambha.cz\\\/en\\\/product\\\/rozbor-zapasu-games\\\/\"]}]},{\"@type\":\"ImageObject\",\"inLanguage\":\"en-GB\",\"@id\":\"https:\\\/\\\/teambha.cz\\\/en\\\/product\\\/rozbor-zapasu-games\\\/#primaryimage\",\"url\":\"https:\\\/\\\/teambha.cz\\\/wp-content\\\/uploads\\\/2023\\\/06\\\/Ipad.webp\",\"contentUrl\":\"https:\\\/\\\/teambha.cz\\\/wp-content\\\/uploads\\\/2023\\\/06\\\/Ipad.webp\",\"width\":1000,\"height\":675},{\"@type\":\"BreadcrumbList\",\"@id\":\"https:\\\/\\\/teambha.cz\\\/en\\\/product\\\/rozbor-zapasu-games\\\/#breadcrumb\",\"itemListElement\":[{\"@type\":\"ListItem\",\"position\":1,\"name\":\"Dom\u016f\",\"item\":\"https:\\\/\\\/www.teambha.cz\\\/\"},{\"@type\":\"ListItem\",\"position\":2,\"name\":\"Obchod\",\"item\":\"https:\\\/\\\/www.teambha.cz\\\/obchod\\\/\"},{\"@type\":\"ListItem\",\"position\":3,\"name\":\"Rozbor z\u00e1pasu GAMES\"}]},{\"@type\":\"WebSite\",\"@id\":\"https:\\\/\\\/teambha.cz\\\/#website\",\"url\":\"https:\\\/\\\/teambha.cz\\\/\",\"name\":\"TEAMBHA\",\"description\":\"Brank\u00e1\u0159sk\u00e1 hokejov\u00e1 akademie\",\"publisher\":{\"@id\":\"https:\\\/\\\/teambha.cz\\\/#organization\"},\"potentialAction\":[{\"@type\":\"SearchAction\",\"target\":{\"@type\":\"EntryPoint\",\"urlTemplate\":\"https:\\\/\\\/teambha.cz\\\/?s={search_term_string}\"},\"query-input\":{\"@type\":\"PropertyValueSpecification\",\"valueRequired\":true,\"valueName\":\"search_term_string\"}}],\"inLanguage\":\"en-GB\"},{\"@type\":\"Organization\",\"@id\":\"https:\\\/\\\/teambha.cz\\\/#organization\",\"name\":\"TEAMBHA\",\"url\":\"https:\\\/\\\/teambha.cz\\\/\",\"logo\":{\"@type\":\"ImageObject\",\"inLanguage\":\"en-GB\",\"@id\":\"https:\\\/\\\/teambha.cz\\\/#\\\/schema\\\/logo\\\/image\\\/\",\"url\":\"https:\\\/\\\/teambha.cz\\\/wp-content\\\/uploads\\\/2023\\\/03\\\/Logo_teamBHA.svg\",\"contentUrl\":\"https:\\\/\\\/teambha.cz\\\/wp-content\\\/uploads\\\/2023\\\/03\\\/Logo_teamBHA.svg\",\"width\":161,\"height\":208,\"caption\":\"TEAMBHA\"},\"image\":{\"@id\":\"https:\\\/\\\/teambha.cz\\\/#\\\/schema\\\/logo\\\/image\\\/\"},\"sameAs\":[\"https:\\\/\\\/www.facebook.com\\\/teambhahokej\"]}]}<\/script>\n<!-- \/ Yoast SEO plugin. -->","yoast_head_json":{"title":"Rozbor z\u00e1pasu GAMES - TEAMBHA","robots":{"index":"index","follow":"follow","max-snippet":"max-snippet:-1","max-image-preview":"max-image-preview:large","max-video-preview":"max-video-preview:-1"},"canonical":"https:\/\/teambha.cz\/en\/product\/rozbor-zapasu-games\/","og_locale":"en_GB","og_type":"article","og_title":"Rozbor z\u00e1pasu GAMES - TEAMBHA","og_description":"Jedn\u00e1 se kompletn\u00ed videoanal\u00fdzu z\u00e1pasu va\u0161eho brank\u00e1\u0159e. Sou\u010d\u00e1sti je tak\u00e9 psychologie chyt\u00e1n\u00ed a a cenn\u00e9 rady jak se vyvarovat chyb v z\u00e1pase , tr\u00e9ninkem mimo led, tak na led\u011b. Po zakoupen\u00ed t\u00e9to slu\u017eby v\u00e1m budou na v\u00e1\u0161 e-mail zasl\u00e1ny ve\u0161ker\u00e9 pot\u0159ebn\u00e9 informace k zasl\u00e1n\u00ed videa. N\u00e1sledn\u011b p\u0159iprav\u00edme detailn\u00ed videorozbor, kter\u00fd v\u00e1m pom\u016f\u017ee odhalit siln\u00e9 i slab\u00e9 str\u00e1nky a posunout v\u00e1\u0161 v\u00fdkon na vy\u0161\u0161\u00ed \u00farove\u0148.","og_url":"https:\/\/teambha.cz\/en\/product\/rozbor-zapasu-games\/","og_site_name":"TEAMBHA","article_publisher":"https:\/\/www.facebook.com\/teambhahokej","article_modified_time":"2026-02-13T15:50:46+00:00","og_image":[{"width":1000,"height":675,"url":"https:\/\/teambha.cz\/wp-content\/uploads\/2023\/06\/Ipad.webp","type":"image\/webp"}],"twitter_card":"summary_large_image","twitter_misc":{"Estimated reading time":"1 minute"},"schema":{"@context":"https:\/\/schema.org","@graph":[{"@type":"WebPage","@id":"https:\/\/teambha.cz\/en\/product\/rozbor-zapasu-games\/","url":"https:\/\/teambha.cz\/en\/product\/rozbor-zapasu-games\/","name":"Rozbor z\u00e1pasu GAMES - TEAMBHA","isPartOf":{"@id":"https:\/\/teambha.cz\/#website"},"primaryImageOfPage":{"@id":"https:\/\/teambha.cz\/en\/product\/rozbor-zapasu-games\/#primaryimage"},"image":{"@id":"https:\/\/teambha.cz\/en\/product\/rozbor-zapasu-games\/#primaryimage"},"thumbnailUrl":"https:\/\/teambha.cz\/wp-content\/uploads\/2023\/06\/Ipad.webp","datePublished":"2025-08-27T09:49:47+00:00","dateModified":"2026-02-13T15:50:46+00:00","breadcrumb":{"@id":"https:\/\/teambha.cz\/en\/product\/rozbor-zapasu-games\/#breadcrumb"},"inLanguage":"en-GB","potentialAction":[{"@type":"ReadAction","target":["https:\/\/teambha.cz\/en\/product\/rozbor-zapasu-games\/"]}]},{"@type":"ImageObject","inLanguage":"en-GB","@id":"https:\/\/teambha.cz\/en\/product\/rozbor-zapasu-games\/#primaryimage","url":"https:\/\/teambha.cz\/wp-content\/uploads\/2023\/06\/Ipad.webp","contentUrl":"https:\/\/teambha.cz\/wp-content\/uploads\/2023\/06\/Ipad.webp","width":1000,"height":675},{"@type":"BreadcrumbList","@id":"https:\/\/teambha.cz\/en\/product\/rozbor-zapasu-games\/#breadcrumb","itemListElement":[{"@type":"ListItem","position":1,"name":"Dom\u016f","item":"https:\/\/www.teambha.cz\/"},{"@type":"ListItem","position":2,"name":"Obchod","item":"https:\/\/www.teambha.cz\/obchod\/"},{"@type":"ListItem","position":3,"name":"Rozbor z\u00e1pasu GAMES"}]},{"@type":"WebSite","@id":"https:\/\/teambha.cz\/#website","url":"https:\/\/teambha.cz\/","name":"TEAMBHA","description":"Brank\u00e1\u0159sk\u00e1 hokejov\u00e1 akademie","publisher":{"@id":"https:\/\/teambha.cz\/#organization"},"potentialAction":[{"@type":"SearchAction","target":{"@type":"EntryPoint","urlTemplate":"https:\/\/teambha.cz\/?s={search_term_string}"},"query-input":{"@type":"PropertyValueSpecification","valueRequired":true,"valueName":"search_term_string"}}],"inLanguage":"en-GB"},{"@type":"Organization","@id":"https:\/\/teambha.cz\/#organization","name":"TEAMBHA","url":"https:\/\/teambha.cz\/","logo":{"@type":"ImageObject","inLanguage":"en-GB","@id":"https:\/\/teambha.cz\/#\/schema\/logo\/image\/","url":"https:\/\/teambha.cz\/wp-content\/uploads\/2023\/03\/Logo_teamBHA.svg","contentUrl":"https:\/\/teambha.cz\/wp-content\/uploads\/2023\/03\/Logo_teamBHA.svg","width":161,"height":208,"caption":"TEAMBHA"},"image":{"@id":"https:\/\/teambha.cz\/#\/schema\/logo\/image\/"},"sameAs":["https:\/\/www.facebook.com\/teambhahokej"]}]}},"_links":{"self":[{"href":"https:\/\/teambha.cz\/en\/wp-json\/wp\/v2\/product\/17367","targetHints":{"allow":["GET"]}}],"collection":[{"href":"https:\/\/teambha.cz\/en\/wp-json\/wp\/v2\/product"}],"about":[{"href":"https:\/\/teambha.cz\/en\/wp-json\/wp\/v2\/types\/product"}],"wp:featuredmedia":[{"embeddable":true,"href":"https:\/\/teambha.cz\/en\/wp-json\/wp\/v2\/media\/1546"}],"wp:attachment":[{"href":"https:\/\/teambha.cz\/en\/wp-json\/wp\/v2\/media?parent=17367"}],"wp:term":[{"taxonomy":"product_brand","embeddable":true,"href":"https:\/\/teambha.cz\/en\/wp-json\/wp\/v2\/product_brand?post=17367"},{"taxonomy":"product_cat","embeddable":true,"href":"https:\/\/teambha.cz\/en\/wp-json\/wp\/v2\/product_cat?post=17367"},{"taxonomy":"product_tag","embeddable":true,"href":"https:\/\/teambha.cz\/en\/wp-json\/wp\/v2\/product_tag?post=17367"}],"curies":[{"name":"wp","href":"https:\/\/api.w.org\/{rel}","templated":true}]}}