{"id":17324,"date":"2025-08-26T14:05:31","date_gmt":"2025-08-26T12:05:31","guid":{"rendered":"https:\/\/teambha.cz\/?post_type=product&#038;p=17324"},"modified":"2026-01-05T11:56:29","modified_gmt":"2026-01-05T10:56:29","slug":"individualni-konzultace","status":"publish","type":"product","link":"https:\/\/teambha.cz\/en\/product\/individualni-konzultace\/","title":{"rendered":"Individu\u00e1ln\u00ed konzultace"},"content":{"rendered":"<p class=\"p1\">Individu\u00e1ln\u00ed konzultace online p\u0159es Zoom s Patrikem Nechv\u00e1talem \u2013 osobn\u00ed mentoring pro brank\u00e1\u0159e i rodi\u010de zam\u011b\u0159en\u00fd na psychiku, sebev\u011bdom\u00ed a v\u00fdkon.<\/p>\n<p>Doba trv\u00e1n\u00ed 1h<\/p>\n<p>Aplikace ZOOM<\/p>\n<p>Po uhrazen\u00ed V\u00e1s budeme kontaktovat a domluv\u00edm si term\u00edn.<\/p>","protected":false},"excerpt":{"rendered":"<p class=\"p1\">Individu\u00e1ln\u00ed konzultace online p\u0159es Zoom s Patrikem Nechv\u00e1talem \u2013 osobn\u00ed mentoring pro brank\u00e1\u0159e i rodi\u010de zam\u011b\u0159en\u00fd na psychiku, sebev\u011bdom\u00ed a v\u00fdkon.<\/p>\n<p>Doba trv\u00e1n\u00ed 1h<\/p>\n<p>Aplikace ZOOM<\/p>\n<p>Po uhrazen\u00ed V\u00e1s budeme kontaktovat a domluv\u00edme si term\u00edn.<\/p>","protected":false},"featured_media":17345,"template":"","meta":{"_acf_changed":false},"product_brand":[],"product_cat":[60],"product_tag":[],"class_list":{"0":"post-17324","1":"product","2":"type-product","3":"status-publish","4":"has-post-thumbnail","6":"product_cat-mentalni-priprava","8":"first","9":"instock","10":"virtual","11":"taxable","12":"purchasable","13":"product-type-simple"},"acf":[],"yoast_head":"<!-- This site is optimized with the Yoast SEO plugin v27.4 - https:\/\/yoast.com\/product\/yoast-seo-wordpress\/ -->\n<title>Individu\u00e1ln\u00ed konzultace - TEAMBHA<\/title>\n<meta name=\"robots\" content=\"index, follow, max-snippet:-1, max-image-preview:large, max-video-preview:-1\" \/>\n<link rel=\"canonical\" href=\"https:\/\/teambha.cz\/en\/product\/individualni-konzultace\/\" \/>\n<meta property=\"og:locale\" content=\"en_GB\" \/>\n<meta property=\"og:type\" content=\"article\" \/>\n<meta property=\"og:title\" content=\"Individu\u00e1ln\u00ed konzultace - TEAMBHA\" \/>\n<meta property=\"og:description\" content=\"Individu\u00e1ln\u00ed konzultace online p\u0159es Zoom s Patrikem Nechv\u00e1talem \u2013 osobn\u00ed mentoring pro brank\u00e1\u0159e i rodi\u010de zam\u011b\u0159en\u00fd na psychiku, sebev\u011bdom\u00ed a v\u00fdkon. Doba trv\u00e1n\u00ed 1h  Aplikace ZOOM  Po uhrazen\u00ed V\u00e1s budeme kontaktovat a domluv\u00edme si term\u00edn.\" \/>\n<meta property=\"og:url\" content=\"https:\/\/teambha.cz\/en\/product\/individualni-konzultace\/\" \/>\n<meta property=\"og:site_name\" content=\"TEAMBHA\" \/>\n<meta property=\"article:publisher\" content=\"https:\/\/www.facebook.com\/teambhahokej\" \/>\n<meta property=\"article:modified_time\" content=\"2026-01-05T10:56:29+00:00\" \/>\n<meta property=\"og:image\" content=\"https:\/\/teambha.cz\/wp-content\/uploads\/2025\/08\/Logo-individualni-konzultace.webp\" \/>\n\t<meta property=\"og:image:width\" content=\"1181\" \/>\n\t<meta property=\"og:image:height\" content=\"1181\" \/>\n\t<meta property=\"og:image:type\" content=\"image\/webp\" \/>\n<meta name=\"twitter:card\" content=\"summary_large_image\" \/>\n<meta name=\"twitter:label1\" content=\"Estimated reading time\" \/>\n\t<meta name=\"twitter:data1\" content=\"1 minute\" \/>\n<script type=\"application\/ld+json\" class=\"yoast-schema-graph\">{\"@context\":\"https:\\\/\\\/schema.org\",\"@graph\":[{\"@type\":\"WebPage\",\"@id\":\"https:\\\/\\\/teambha.cz\\\/en\\\/product\\\/individualni-konzultace\\\/\",\"url\":\"https:\\\/\\\/teambha.cz\\\/en\\\/product\\\/individualni-konzultace\\\/\",\"name\":\"Individu\u00e1ln\u00ed konzultace - TEAMBHA\",\"isPartOf\":{\"@id\":\"https:\\\/\\\/teambha.cz\\\/#website\"},\"primaryImageOfPage\":{\"@id\":\"https:\\\/\\\/teambha.cz\\\/en\\\/product\\\/individualni-konzultace\\\/#primaryimage\"},\"image\":{\"@id\":\"https:\\\/\\\/teambha.cz\\\/en\\\/product\\\/individualni-konzultace\\\/#primaryimage\"},\"thumbnailUrl\":\"https:\\\/\\\/teambha.cz\\\/wp-content\\\/uploads\\\/2025\\\/08\\\/Logo-individualni-konzultace.webp\",\"datePublished\":\"2025-08-26T12:05:31+00:00\",\"dateModified\":\"2026-01-05T10:56:29+00:00\",\"breadcrumb\":{\"@id\":\"https:\\\/\\\/teambha.cz\\\/en\\\/product\\\/individualni-konzultace\\\/#breadcrumb\"},\"inLanguage\":\"en-GB\",\"potentialAction\":[{\"@type\":\"ReadAction\",\"target\":[\"https:\\\/\\\/teambha.cz\\\/en\\\/product\\\/individualni-konzultace\\\/\"]}]},{\"@type\":\"ImageObject\",\"inLanguage\":\"en-GB\",\"@id\":\"https:\\\/\\\/teambha.cz\\\/en\\\/product\\\/individualni-konzultace\\\/#primaryimage\",\"url\":\"https:\\\/\\\/teambha.cz\\\/wp-content\\\/uploads\\\/2025\\\/08\\\/Logo-individualni-konzultace.webp\",\"contentUrl\":\"https:\\\/\\\/teambha.cz\\\/wp-content\\\/uploads\\\/2025\\\/08\\\/Logo-individualni-konzultace.webp\",\"width\":1181,\"height\":1181},{\"@type\":\"BreadcrumbList\",\"@id\":\"https:\\\/\\\/teambha.cz\\\/en\\\/product\\\/individualni-konzultace\\\/#breadcrumb\",\"itemListElement\":[{\"@type\":\"ListItem\",\"position\":1,\"name\":\"Dom\u016f\",\"item\":\"https:\\\/\\\/www.teambha.cz\\\/\"},{\"@type\":\"ListItem\",\"position\":2,\"name\":\"Obchod\",\"item\":\"https:\\\/\\\/www.teambha.cz\\\/obchod\\\/\"},{\"@type\":\"ListItem\",\"position\":3,\"name\":\"Individu\u00e1ln\u00ed konzultace\"}]},{\"@type\":\"WebSite\",\"@id\":\"https:\\\/\\\/teambha.cz\\\/#website\",\"url\":\"https:\\\/\\\/teambha.cz\\\/\",\"name\":\"TEAMBHA\",\"description\":\"Brank\u00e1\u0159sk\u00e1 hokejov\u00e1 akademie\",\"publisher\":{\"@id\":\"https:\\\/\\\/teambha.cz\\\/#organization\"},\"potentialAction\":[{\"@type\":\"SearchAction\",\"target\":{\"@type\":\"EntryPoint\",\"urlTemplate\":\"https:\\\/\\\/teambha.cz\\\/?s={search_term_string}\"},\"query-input\":{\"@type\":\"PropertyValueSpecification\",\"valueRequired\":true,\"valueName\":\"search_term_string\"}}],\"inLanguage\":\"en-GB\"},{\"@type\":\"Organization\",\"@id\":\"https:\\\/\\\/teambha.cz\\\/#organization\",\"name\":\"TEAMBHA\",\"url\":\"https:\\\/\\\/teambha.cz\\\/\",\"logo\":{\"@type\":\"ImageObject\",\"inLanguage\":\"en-GB\",\"@id\":\"https:\\\/\\\/teambha.cz\\\/#\\\/schema\\\/logo\\\/image\\\/\",\"url\":\"https:\\\/\\\/teambha.cz\\\/wp-content\\\/uploads\\\/2023\\\/03\\\/Logo_teamBHA.svg\",\"contentUrl\":\"https:\\\/\\\/teambha.cz\\\/wp-content\\\/uploads\\\/2023\\\/03\\\/Logo_teamBHA.svg\",\"width\":161,\"height\":208,\"caption\":\"TEAMBHA\"},\"image\":{\"@id\":\"https:\\\/\\\/teambha.cz\\\/#\\\/schema\\\/logo\\\/image\\\/\"},\"sameAs\":[\"https:\\\/\\\/www.facebook.com\\\/teambhahokej\"]}]}<\/script>\n<!-- \/ Yoast SEO plugin. -->","yoast_head_json":{"title":"Individu\u00e1ln\u00ed konzultace - TEAMBHA","robots":{"index":"index","follow":"follow","max-snippet":"max-snippet:-1","max-image-preview":"max-image-preview:large","max-video-preview":"max-video-preview:-1"},"canonical":"https:\/\/teambha.cz\/en\/product\/individualni-konzultace\/","og_locale":"en_GB","og_type":"article","og_title":"Individu\u00e1ln\u00ed konzultace - TEAMBHA","og_description":"Individu\u00e1ln\u00ed konzultace online p\u0159es Zoom s Patrikem Nechv\u00e1talem \u2013 osobn\u00ed mentoring pro brank\u00e1\u0159e i rodi\u010de zam\u011b\u0159en\u00fd na psychiku, sebev\u011bdom\u00ed a v\u00fdkon. Doba trv\u00e1n\u00ed 1h  Aplikace ZOOM  Po uhrazen\u00ed V\u00e1s budeme kontaktovat a domluv\u00edme si term\u00edn.","og_url":"https:\/\/teambha.cz\/en\/product\/individualni-konzultace\/","og_site_name":"TEAMBHA","article_publisher":"https:\/\/www.facebook.com\/teambhahokej","article_modified_time":"2026-01-05T10:56:29+00:00","og_image":[{"width":1181,"height":1181,"url":"https:\/\/teambha.cz\/wp-content\/uploads\/2025\/08\/Logo-individualni-konzultace.webp","type":"image\/webp"}],"twitter_card":"summary_large_image","twitter_misc":{"Estimated reading time":"1 minute"},"schema":{"@context":"https:\/\/schema.org","@graph":[{"@type":"WebPage","@id":"https:\/\/teambha.cz\/en\/product\/individualni-konzultace\/","url":"https:\/\/teambha.cz\/en\/product\/individualni-konzultace\/","name":"Individu\u00e1ln\u00ed konzultace - TEAMBHA","isPartOf":{"@id":"https:\/\/teambha.cz\/#website"},"primaryImageOfPage":{"@id":"https:\/\/teambha.cz\/en\/product\/individualni-konzultace\/#primaryimage"},"image":{"@id":"https:\/\/teambha.cz\/en\/product\/individualni-konzultace\/#primaryimage"},"thumbnailUrl":"https:\/\/teambha.cz\/wp-content\/uploads\/2025\/08\/Logo-individualni-konzultace.webp","datePublished":"2025-08-26T12:05:31+00:00","dateModified":"2026-01-05T10:56:29+00:00","breadcrumb":{"@id":"https:\/\/teambha.cz\/en\/product\/individualni-konzultace\/#breadcrumb"},"inLanguage":"en-GB","potentialAction":[{"@type":"ReadAction","target":["https:\/\/teambha.cz\/en\/product\/individualni-konzultace\/"]}]},{"@type":"ImageObject","inLanguage":"en-GB","@id":"https:\/\/teambha.cz\/en\/product\/individualni-konzultace\/#primaryimage","url":"https:\/\/teambha.cz\/wp-content\/uploads\/2025\/08\/Logo-individualni-konzultace.webp","contentUrl":"https:\/\/teambha.cz\/wp-content\/uploads\/2025\/08\/Logo-individualni-konzultace.webp","width":1181,"height":1181},{"@type":"BreadcrumbList","@id":"https:\/\/teambha.cz\/en\/product\/individualni-konzultace\/#breadcrumb","itemListElement":[{"@type":"ListItem","position":1,"name":"Dom\u016f","item":"https:\/\/www.teambha.cz\/"},{"@type":"ListItem","position":2,"name":"Obchod","item":"https:\/\/www.teambha.cz\/obchod\/"},{"@type":"ListItem","position":3,"name":"Individu\u00e1ln\u00ed konzultace"}]},{"@type":"WebSite","@id":"https:\/\/teambha.cz\/#website","url":"https:\/\/teambha.cz\/","name":"TEAMBHA","description":"Brank\u00e1\u0159sk\u00e1 hokejov\u00e1 akademie","publisher":{"@id":"https:\/\/teambha.cz\/#organization"},"potentialAction":[{"@type":"SearchAction","target":{"@type":"EntryPoint","urlTemplate":"https:\/\/teambha.cz\/?s={search_term_string}"},"query-input":{"@type":"PropertyValueSpecification","valueRequired":true,"valueName":"search_term_string"}}],"inLanguage":"en-GB"},{"@type":"Organization","@id":"https:\/\/teambha.cz\/#organization","name":"TEAMBHA","url":"https:\/\/teambha.cz\/","logo":{"@type":"ImageObject","inLanguage":"en-GB","@id":"https:\/\/teambha.cz\/#\/schema\/logo\/image\/","url":"https:\/\/teambha.cz\/wp-content\/uploads\/2023\/03\/Logo_teamBHA.svg","contentUrl":"https:\/\/teambha.cz\/wp-content\/uploads\/2023\/03\/Logo_teamBHA.svg","width":161,"height":208,"caption":"TEAMBHA"},"image":{"@id":"https:\/\/teambha.cz\/#\/schema\/logo\/image\/"},"sameAs":["https:\/\/www.facebook.com\/teambhahokej"]}]}},"_links":{"self":[{"href":"https:\/\/teambha.cz\/en\/wp-json\/wp\/v2\/product\/17324","targetHints":{"allow":["GET"]}}],"collection":[{"href":"https:\/\/teambha.cz\/en\/wp-json\/wp\/v2\/product"}],"about":[{"href":"https:\/\/teambha.cz\/en\/wp-json\/wp\/v2\/types\/product"}],"wp:featuredmedia":[{"embeddable":true,"href":"https:\/\/teambha.cz\/en\/wp-json\/wp\/v2\/media\/17345"}],"wp:attachment":[{"href":"https:\/\/teambha.cz\/en\/wp-json\/wp\/v2\/media?parent=17324"}],"wp:term":[{"taxonomy":"product_brand","embeddable":true,"href":"https:\/\/teambha.cz\/en\/wp-json\/wp\/v2\/product_brand?post=17324"},{"taxonomy":"product_cat","embeddable":true,"href":"https:\/\/teambha.cz\/en\/wp-json\/wp\/v2\/product_cat?post=17324"},{"taxonomy":"product_tag","embeddable":true,"href":"https:\/\/teambha.cz\/en\/wp-json\/wp\/v2\/product_tag?post=17324"}],"curies":[{"name":"wp","href":"https:\/\/api.w.org\/{rel}","templated":true}]}}