{"id":17201,"date":"2025-08-21T12:57:01","date_gmt":"2025-08-21T10:57:01","guid":{"rendered":"https:\/\/teambha.cz\/?post_type=product&#038;p=17201"},"modified":"2026-01-05T11:56:36","modified_gmt":"2026-01-05T10:56:36","slug":"4-9-2025-online-skupina-chovani-tela","status":"publish","type":"product","link":"https:\/\/teambha.cz\/en\/product\/4-9-2025-online-skupina-chovani-tela\/","title":{"rendered":"Z\u00c1ZNAM ONLINE SKUPINA &#8211; CHOV\u00c1N\u00cd T\u011aLA"},"content":{"rendered":"<p>Z\u00e1znam online skupina pro brank\u00e1\u0159e na t\u00e9ma chov\u00e1n\u00ed t\u011bla.<\/p>\n<p>D\u00e9lka trv\u00e1n\u00ed 1 h.<\/p>\n<p><strong>T\u00e9ma<\/strong><\/p>\n<p class=\"p1\">Brank\u00e1\u0159 nekomunikuje jen rukama a hlasem, ale hlavn\u011b sv\u00fdm t\u011blem. Ka\u017ed\u00fd pohyb vys\u00edl\u00e1 soupe\u0159i i spoluhr\u00e1\u010d\u016fm jasn\u00e9 sign\u00e1ly \u2013 sebev\u011bdom\u00ed, nejistotu, p\u0159ipravenost nebo frustraci.<\/p>\n<ul>\n<li>\n<p class=\"p1\"><span class=\"s1\"><b>Chov\u00e1n\u00ed t\u011bla<\/b><\/span> m\u016f\u017ee dodat klid a jistotu tob\u011b i t\u00fdmu. Pevn\u00fd postoj, vyrovnan\u00fd dech a kontrola pohyb\u016f p\u016fsob\u00ed stabiln\u011b a sebev\u011bdom\u011b.<\/p>\n<\/li>\n<li>\n<p class=\"p1\">Naopak <span class=\"s1\"><b>negativn\u00ed sign\u00e1ly<\/b><\/span> \u2013 rozhazov\u00e1n\u00ed rukama, sklopen\u00e1 hlava nebo prudk\u00e9 reakce \u2013 d\u00e1vaj\u00ed soupe\u0159i s\u00edlu a tob\u011b ub\u00edraj\u00ed koncentraci.<\/p>\n<\/li>\n<\/ul>\n<p class=\"p1\">V t\u00e9to online skupin\u011b si uk\u00e1\u017eeme, jak pracovat s neverb\u00e1ln\u00ed komunikac\u00ed, aby t\u011blo podporovalo tv\u016fj v\u00fdkon. Dozv\u00ed\u0161 se, jak pos\u00edlit pozitivn\u00ed sign\u00e1ly, omezit ty negativn\u00ed a jak vyu\u017e\u00edt chov\u00e1n\u00ed t\u011bla jako jeden z kl\u00ed\u010dov\u00fdch prvk\u016f ment\u00e1ln\u00ed p\u0159\u00edpravy.<\/p>","protected":false},"excerpt":{"rendered":"<p>Z\u00e1znam online skupina pro brank\u00e1\u0159e na t\u00e9ma chov\u00e1n\u00ed t\u011bla.<\/p>\n<p>D\u00e9lka trv\u00e1n\u00ed 1 h.<\/p>\n<p><strong>T\u00e9ma<\/strong><\/p>\n<p class=\"p1\">Brank\u00e1\u0159 nekomunikuje jen rukama a hlasem, ale hlavn\u011b sv\u00fdm t\u011blem. Ka\u017ed\u00fd pohyb vys\u00edl\u00e1 soupe\u0159i i spoluhr\u00e1\u010d\u016fm jasn\u00e9 sign\u00e1ly \u2013 sebev\u011bdom\u00ed, nejistotu, p\u0159ipravenost nebo frustraci.<\/p>\n<ul>\n<li>\n<p class=\"p1\"><span class=\"s1\"><b>Chov\u00e1n\u00ed t\u011bla<\/b><\/span> m\u016f\u017ee dodat klid a jistotu tob\u011b i t\u00fdmu. Pevn\u00fd postoj, vyrovnan\u00fd dech a kontrola pohyb\u016f p\u016fsob\u00ed stabiln\u011b a sebev\u011bdom\u011b.<\/p>\n<\/li>\n<li>\n<p class=\"p1\">Naopak <span class=\"s1\"><b>negativn\u00ed sign\u00e1ly<\/b><\/span> \u2013 rozhazov\u00e1n\u00ed rukama, sklopen\u00e1 hlava nebo prudk\u00e9 reakce \u2013 d\u00e1vaj\u00ed soupe\u0159i s\u00edlu a tob\u011b ub\u00edraj\u00ed koncentraci.<\/p>\n<\/li>\n<\/ul>\n<p class=\"p1\">V t\u00e9to online skupin\u011b si uk\u00e1\u017eeme, jak pracovat s neverb\u00e1ln\u00ed komunikac\u00ed, aby t\u011blo podporovalo tv\u016fj v\u00fdkon. Dozv\u00ed\u0161 se, jak pos\u00edlit pozitivn\u00ed sign\u00e1ly, omezit ty negativn\u00ed a jak vyu\u017e\u00edt chov\u00e1n\u00ed t\u011bla jako jeden z kl\u00ed\u010dov\u00fdch prvk\u016f ment\u00e1ln\u00ed p\u0159\u00edpravy.<\/p>","protected":false},"featured_media":17748,"template":"","meta":{"_acf_changed":false},"product_brand":[],"product_cat":[46],"product_tag":[],"class_list":{"0":"post-17201","1":"product","2":"type-product","3":"status-publish","4":"has-post-thumbnail","6":"product_cat-webinare","8":"first","9":"instock","10":"downloadable","11":"taxable","12":"shipping-taxable","13":"purchasable","14":"product-type-simple"},"acf":[],"yoast_head":"<!-- This site is optimized with the Yoast SEO plugin v27.4 - https:\/\/yoast.com\/product\/yoast-seo-wordpress\/ -->\n<title>Z\u00c1ZNAM ONLINE SKUPINA - CHOV\u00c1N\u00cd T\u011aLA - TEAMBHA<\/title>\n<meta name=\"robots\" content=\"index, follow, max-snippet:-1, max-image-preview:large, max-video-preview:-1\" \/>\n<link rel=\"canonical\" href=\"https:\/\/teambha.cz\/en\/product\/4-9-2025-online-skupina-chovani-tela\/\" \/>\n<meta property=\"og:locale\" content=\"en_GB\" \/>\n<meta property=\"og:type\" content=\"article\" \/>\n<meta property=\"og:title\" content=\"Z\u00c1ZNAM ONLINE SKUPINA - CHOV\u00c1N\u00cd T\u011aLA - TEAMBHA\" \/>\n<meta property=\"og:description\" content=\"Z\u00e1znam online skupina pro brank\u00e1\u0159e na t\u00e9ma chov\u00e1n\u00ed t\u011bla.  D\u00e9lka trv\u00e1n\u00ed 1 h.  T\u00e9ma Brank\u00e1\u0159 nekomunikuje jen rukama a hlasem, ale hlavn\u011b sv\u00fdm t\u011blem. Ka\u017ed\u00fd pohyb vys\u00edl\u00e1 soupe\u0159i i spoluhr\u00e1\u010d\u016fm jasn\u00e9 sign\u00e1ly \u2013 sebev\u011bdom\u00ed, nejistotu, p\u0159ipravenost nebo frustraci.     Chov\u00e1n\u00ed t\u011bla m\u016f\u017ee dodat klid a jistotu tob\u011b i t\u00fdmu. Pevn\u00fd postoj, vyrovnan\u00fd dech a kontrola pohyb\u016f p\u016fsob\u00ed stabiln\u011b a sebev\u011bdom\u011b.    Naopak negativn\u00ed sign\u00e1ly \u2013 rozhazov\u00e1n\u00ed rukama, sklopen\u00e1 hlava nebo prudk\u00e9 reakce \u2013 d\u00e1vaj\u00ed soupe\u0159i s\u00edlu a tob\u011b ub\u00edraj\u00ed koncentraci.   V t\u00e9to online skupin\u011b si uk\u00e1\u017eeme, jak pracovat s neverb\u00e1ln\u00ed komunikac\u00ed, aby t\u011blo podporovalo tv\u016fj v\u00fdkon. Dozv\u00ed\u0161 se, jak pos\u00edlit pozitivn\u00ed sign\u00e1ly, omezit ty negativn\u00ed a jak vyu\u017e\u00edt chov\u00e1n\u00ed t\u011bla jako jeden z kl\u00ed\u010dov\u00fdch prvk\u016f ment\u00e1ln\u00ed p\u0159\u00edpravy.\" \/>\n<meta property=\"og:url\" content=\"https:\/\/teambha.cz\/en\/product\/4-9-2025-online-skupina-chovani-tela\/\" \/>\n<meta property=\"og:site_name\" content=\"TEAMBHA\" \/>\n<meta property=\"article:publisher\" content=\"https:\/\/www.facebook.com\/teambhahokej\" \/>\n<meta property=\"article:modified_time\" content=\"2026-01-05T10:56:36+00:00\" \/>\n<meta property=\"og:image\" content=\"https:\/\/teambha.cz\/wp-content\/uploads\/2025\/08\/Rodice-copy.webp\" \/>\n\t<meta property=\"og:image:width\" content=\"1620\" \/>\n\t<meta property=\"og:image:height\" content=\"1524\" \/>\n\t<meta property=\"og:image:type\" content=\"image\/webp\" \/>\n<meta name=\"twitter:card\" content=\"summary_large_image\" \/>\n<meta name=\"twitter:label1\" content=\"Estimated reading time\" \/>\n\t<meta name=\"twitter:data1\" content=\"1 minute\" \/>\n<script type=\"application\/ld+json\" class=\"yoast-schema-graph\">{\"@context\":\"https:\\\/\\\/schema.org\",\"@graph\":[{\"@type\":\"WebPage\",\"@id\":\"https:\\\/\\\/teambha.cz\\\/en\\\/product\\\/4-9-2025-online-skupina-chovani-tela\\\/\",\"url\":\"https:\\\/\\\/teambha.cz\\\/en\\\/product\\\/4-9-2025-online-skupina-chovani-tela\\\/\",\"name\":\"Z\u00c1ZNAM ONLINE SKUPINA - CHOV\u00c1N\u00cd T\u011aLA - TEAMBHA\",\"isPartOf\":{\"@id\":\"https:\\\/\\\/teambha.cz\\\/#website\"},\"primaryImageOfPage\":{\"@id\":\"https:\\\/\\\/teambha.cz\\\/en\\\/product\\\/4-9-2025-online-skupina-chovani-tela\\\/#primaryimage\"},\"image\":{\"@id\":\"https:\\\/\\\/teambha.cz\\\/en\\\/product\\\/4-9-2025-online-skupina-chovani-tela\\\/#primaryimage\"},\"thumbnailUrl\":\"https:\\\/\\\/teambha.cz\\\/wp-content\\\/uploads\\\/2025\\\/08\\\/Rodice-copy.webp\",\"datePublished\":\"2025-08-21T10:57:01+00:00\",\"dateModified\":\"2026-01-05T10:56:36+00:00\",\"breadcrumb\":{\"@id\":\"https:\\\/\\\/teambha.cz\\\/en\\\/product\\\/4-9-2025-online-skupina-chovani-tela\\\/#breadcrumb\"},\"inLanguage\":\"en-GB\",\"potentialAction\":[{\"@type\":\"ReadAction\",\"target\":[\"https:\\\/\\\/teambha.cz\\\/en\\\/product\\\/4-9-2025-online-skupina-chovani-tela\\\/\"]}]},{\"@type\":\"ImageObject\",\"inLanguage\":\"en-GB\",\"@id\":\"https:\\\/\\\/teambha.cz\\\/en\\\/product\\\/4-9-2025-online-skupina-chovani-tela\\\/#primaryimage\",\"url\":\"https:\\\/\\\/teambha.cz\\\/wp-content\\\/uploads\\\/2025\\\/08\\\/Rodice-copy.webp\",\"contentUrl\":\"https:\\\/\\\/teambha.cz\\\/wp-content\\\/uploads\\\/2025\\\/08\\\/Rodice-copy.webp\",\"width\":1620,\"height\":1524},{\"@type\":\"BreadcrumbList\",\"@id\":\"https:\\\/\\\/teambha.cz\\\/en\\\/product\\\/4-9-2025-online-skupina-chovani-tela\\\/#breadcrumb\",\"itemListElement\":[{\"@type\":\"ListItem\",\"position\":1,\"name\":\"Dom\u016f\",\"item\":\"https:\\\/\\\/www.teambha.cz\\\/\"},{\"@type\":\"ListItem\",\"position\":2,\"name\":\"Obchod\",\"item\":\"https:\\\/\\\/www.teambha.cz\\\/obchod\\\/\"},{\"@type\":\"ListItem\",\"position\":3,\"name\":\"Z\u00c1ZNAM ONLINE SKUPINA &#8211; CHOV\u00c1N\u00cd T\u011aLA\"}]},{\"@type\":\"WebSite\",\"@id\":\"https:\\\/\\\/teambha.cz\\\/#website\",\"url\":\"https:\\\/\\\/teambha.cz\\\/\",\"name\":\"TEAMBHA\",\"description\":\"Brank\u00e1\u0159sk\u00e1 hokejov\u00e1 akademie\",\"publisher\":{\"@id\":\"https:\\\/\\\/teambha.cz\\\/#organization\"},\"potentialAction\":[{\"@type\":\"SearchAction\",\"target\":{\"@type\":\"EntryPoint\",\"urlTemplate\":\"https:\\\/\\\/teambha.cz\\\/?s={search_term_string}\"},\"query-input\":{\"@type\":\"PropertyValueSpecification\",\"valueRequired\":true,\"valueName\":\"search_term_string\"}}],\"inLanguage\":\"en-GB\"},{\"@type\":\"Organization\",\"@id\":\"https:\\\/\\\/teambha.cz\\\/#organization\",\"name\":\"TEAMBHA\",\"url\":\"https:\\\/\\\/teambha.cz\\\/\",\"logo\":{\"@type\":\"ImageObject\",\"inLanguage\":\"en-GB\",\"@id\":\"https:\\\/\\\/teambha.cz\\\/#\\\/schema\\\/logo\\\/image\\\/\",\"url\":\"https:\\\/\\\/teambha.cz\\\/wp-content\\\/uploads\\\/2023\\\/03\\\/Logo_teamBHA.svg\",\"contentUrl\":\"https:\\\/\\\/teambha.cz\\\/wp-content\\\/uploads\\\/2023\\\/03\\\/Logo_teamBHA.svg\",\"width\":161,\"height\":208,\"caption\":\"TEAMBHA\"},\"image\":{\"@id\":\"https:\\\/\\\/teambha.cz\\\/#\\\/schema\\\/logo\\\/image\\\/\"},\"sameAs\":[\"https:\\\/\\\/www.facebook.com\\\/teambhahokej\"]}]}<\/script>\n<!-- \/ Yoast SEO plugin. -->","yoast_head_json":{"title":"Z\u00c1ZNAM ONLINE SKUPINA - CHOV\u00c1N\u00cd T\u011aLA - TEAMBHA","robots":{"index":"index","follow":"follow","max-snippet":"max-snippet:-1","max-image-preview":"max-image-preview:large","max-video-preview":"max-video-preview:-1"},"canonical":"https:\/\/teambha.cz\/en\/product\/4-9-2025-online-skupina-chovani-tela\/","og_locale":"en_GB","og_type":"article","og_title":"Z\u00c1ZNAM ONLINE SKUPINA - CHOV\u00c1N\u00cd T\u011aLA - TEAMBHA","og_description":"Z\u00e1znam online skupina pro brank\u00e1\u0159e na t\u00e9ma chov\u00e1n\u00ed t\u011bla.  D\u00e9lka trv\u00e1n\u00ed 1 h.  T\u00e9ma Brank\u00e1\u0159 nekomunikuje jen rukama a hlasem, ale hlavn\u011b sv\u00fdm t\u011blem. Ka\u017ed\u00fd pohyb vys\u00edl\u00e1 soupe\u0159i i spoluhr\u00e1\u010d\u016fm jasn\u00e9 sign\u00e1ly \u2013 sebev\u011bdom\u00ed, nejistotu, p\u0159ipravenost nebo frustraci.     Chov\u00e1n\u00ed t\u011bla m\u016f\u017ee dodat klid a jistotu tob\u011b i t\u00fdmu. Pevn\u00fd postoj, vyrovnan\u00fd dech a kontrola pohyb\u016f p\u016fsob\u00ed stabiln\u011b a sebev\u011bdom\u011b.    Naopak negativn\u00ed sign\u00e1ly \u2013 rozhazov\u00e1n\u00ed rukama, sklopen\u00e1 hlava nebo prudk\u00e9 reakce \u2013 d\u00e1vaj\u00ed soupe\u0159i s\u00edlu a tob\u011b ub\u00edraj\u00ed koncentraci.   V t\u00e9to online skupin\u011b si uk\u00e1\u017eeme, jak pracovat s neverb\u00e1ln\u00ed komunikac\u00ed, aby t\u011blo podporovalo tv\u016fj v\u00fdkon. Dozv\u00ed\u0161 se, jak pos\u00edlit pozitivn\u00ed sign\u00e1ly, omezit ty negativn\u00ed a jak vyu\u017e\u00edt chov\u00e1n\u00ed t\u011bla jako jeden z kl\u00ed\u010dov\u00fdch prvk\u016f ment\u00e1ln\u00ed p\u0159\u00edpravy.","og_url":"https:\/\/teambha.cz\/en\/product\/4-9-2025-online-skupina-chovani-tela\/","og_site_name":"TEAMBHA","article_publisher":"https:\/\/www.facebook.com\/teambhahokej","article_modified_time":"2026-01-05T10:56:36+00:00","og_image":[{"width":1620,"height":1524,"url":"https:\/\/teambha.cz\/wp-content\/uploads\/2025\/08\/Rodice-copy.webp","type":"image\/webp"}],"twitter_card":"summary_large_image","twitter_misc":{"Estimated reading time":"1 minute"},"schema":{"@context":"https:\/\/schema.org","@graph":[{"@type":"WebPage","@id":"https:\/\/teambha.cz\/en\/product\/4-9-2025-online-skupina-chovani-tela\/","url":"https:\/\/teambha.cz\/en\/product\/4-9-2025-online-skupina-chovani-tela\/","name":"Z\u00c1ZNAM ONLINE SKUPINA - CHOV\u00c1N\u00cd T\u011aLA - TEAMBHA","isPartOf":{"@id":"https:\/\/teambha.cz\/#website"},"primaryImageOfPage":{"@id":"https:\/\/teambha.cz\/en\/product\/4-9-2025-online-skupina-chovani-tela\/#primaryimage"},"image":{"@id":"https:\/\/teambha.cz\/en\/product\/4-9-2025-online-skupina-chovani-tela\/#primaryimage"},"thumbnailUrl":"https:\/\/teambha.cz\/wp-content\/uploads\/2025\/08\/Rodice-copy.webp","datePublished":"2025-08-21T10:57:01+00:00","dateModified":"2026-01-05T10:56:36+00:00","breadcrumb":{"@id":"https:\/\/teambha.cz\/en\/product\/4-9-2025-online-skupina-chovani-tela\/#breadcrumb"},"inLanguage":"en-GB","potentialAction":[{"@type":"ReadAction","target":["https:\/\/teambha.cz\/en\/product\/4-9-2025-online-skupina-chovani-tela\/"]}]},{"@type":"ImageObject","inLanguage":"en-GB","@id":"https:\/\/teambha.cz\/en\/product\/4-9-2025-online-skupina-chovani-tela\/#primaryimage","url":"https:\/\/teambha.cz\/wp-content\/uploads\/2025\/08\/Rodice-copy.webp","contentUrl":"https:\/\/teambha.cz\/wp-content\/uploads\/2025\/08\/Rodice-copy.webp","width":1620,"height":1524},{"@type":"BreadcrumbList","@id":"https:\/\/teambha.cz\/en\/product\/4-9-2025-online-skupina-chovani-tela\/#breadcrumb","itemListElement":[{"@type":"ListItem","position":1,"name":"Dom\u016f","item":"https:\/\/www.teambha.cz\/"},{"@type":"ListItem","position":2,"name":"Obchod","item":"https:\/\/www.teambha.cz\/obchod\/"},{"@type":"ListItem","position":3,"name":"Z\u00c1ZNAM ONLINE SKUPINA &#8211; CHOV\u00c1N\u00cd T\u011aLA"}]},{"@type":"WebSite","@id":"https:\/\/teambha.cz\/#website","url":"https:\/\/teambha.cz\/","name":"TEAMBHA","description":"Brank\u00e1\u0159sk\u00e1 hokejov\u00e1 akademie","publisher":{"@id":"https:\/\/teambha.cz\/#organization"},"potentialAction":[{"@type":"SearchAction","target":{"@type":"EntryPoint","urlTemplate":"https:\/\/teambha.cz\/?s={search_term_string}"},"query-input":{"@type":"PropertyValueSpecification","valueRequired":true,"valueName":"search_term_string"}}],"inLanguage":"en-GB"},{"@type":"Organization","@id":"https:\/\/teambha.cz\/#organization","name":"TEAMBHA","url":"https:\/\/teambha.cz\/","logo":{"@type":"ImageObject","inLanguage":"en-GB","@id":"https:\/\/teambha.cz\/#\/schema\/logo\/image\/","url":"https:\/\/teambha.cz\/wp-content\/uploads\/2023\/03\/Logo_teamBHA.svg","contentUrl":"https:\/\/teambha.cz\/wp-content\/uploads\/2023\/03\/Logo_teamBHA.svg","width":161,"height":208,"caption":"TEAMBHA"},"image":{"@id":"https:\/\/teambha.cz\/#\/schema\/logo\/image\/"},"sameAs":["https:\/\/www.facebook.com\/teambhahokej"]}]}},"_links":{"self":[{"href":"https:\/\/teambha.cz\/en\/wp-json\/wp\/v2\/product\/17201","targetHints":{"allow":["GET"]}}],"collection":[{"href":"https:\/\/teambha.cz\/en\/wp-json\/wp\/v2\/product"}],"about":[{"href":"https:\/\/teambha.cz\/en\/wp-json\/wp\/v2\/types\/product"}],"wp:featuredmedia":[{"embeddable":true,"href":"https:\/\/teambha.cz\/en\/wp-json\/wp\/v2\/media\/17748"}],"wp:attachment":[{"href":"https:\/\/teambha.cz\/en\/wp-json\/wp\/v2\/media?parent=17201"}],"wp:term":[{"taxonomy":"product_brand","embeddable":true,"href":"https:\/\/teambha.cz\/en\/wp-json\/wp\/v2\/product_brand?post=17201"},{"taxonomy":"product_cat","embeddable":true,"href":"https:\/\/teambha.cz\/en\/wp-json\/wp\/v2\/product_cat?post=17201"},{"taxonomy":"product_tag","embeddable":true,"href":"https:\/\/teambha.cz\/en\/wp-json\/wp\/v2\/product_tag?post=17201"}],"curies":[{"name":"wp","href":"https:\/\/api.w.org\/{rel}","templated":true}]}}