{"id":15304,"date":"2025-02-27T20:01:59","date_gmt":"2025-02-27T19:01:59","guid":{"rendered":"https:\/\/teambha.cz\/?post_type=product&#038;p=15304"},"modified":"2026-01-05T11:57:57","modified_gmt":"2026-01-05T10:57:57","slug":"online-skupina-rodice-zona-kontroly","status":"publish","type":"product","link":"https:\/\/teambha.cz\/en\/product\/online-skupina-rodice-zona-kontroly\/","title":{"rendered":"Z\u00c1ZNAM ONLINE SKUPINA PRO RODI\u010cE &#8211; Z\u00d3NA KONTROLY"},"content":{"rendered":"<p>Z\u00e1znam online skupiny pro rodi\u010de ze dne 25.2.2025 na t\u00e9ma z\u00f3na kontroly<\/p>\n<p>D\u00e9lka trv\u00e1n\u00ed 1 h 30 min.<\/p>","protected":false},"excerpt":{"rendered":"<p>Z\u00e1znam online skupiny pro rodi\u010de ze dne 25.2.2025 na t\u00e9ma z\u00f3na kontroly<\/p>\n<p>D\u00e9lka trv\u00e1n\u00ed 1 h 30 min.<\/p>","protected":false},"featured_media":15305,"template":"","meta":{"_acf_changed":false},"product_brand":[],"product_cat":[46],"product_tag":[],"class_list":{"0":"post-15304","1":"product","2":"type-product","3":"status-publish","4":"has-post-thumbnail","6":"product_cat-webinare","8":"first","9":"instock","10":"downloadable","11":"virtual","12":"taxable","13":"purchasable","14":"product-type-simple"},"acf":[],"yoast_head":"<!-- This site is optimized with the Yoast SEO plugin v27.4 - https:\/\/yoast.com\/product\/yoast-seo-wordpress\/ -->\n<title>Z\u00c1ZNAM ONLINE SKUPINA PRO RODI\u010cE - Z\u00d3NA KONTROLY - TEAMBHA<\/title>\n<meta name=\"robots\" content=\"index, follow, max-snippet:-1, max-image-preview:large, max-video-preview:-1\" \/>\n<link rel=\"canonical\" href=\"https:\/\/teambha.cz\/en\/product\/online-skupina-rodice-zona-kontroly\/\" \/>\n<meta property=\"og:locale\" content=\"en_GB\" \/>\n<meta property=\"og:type\" content=\"article\" \/>\n<meta property=\"og:title\" content=\"Z\u00c1ZNAM ONLINE SKUPINA PRO RODI\u010cE - Z\u00d3NA KONTROLY - TEAMBHA\" \/>\n<meta property=\"og:description\" content=\"Z\u00e1znam online skupiny pro rodi\u010de ze dne 25.2.2025 na t\u00e9ma z\u00f3na kontroly  D\u00e9lka trv\u00e1n\u00ed 1 h 30 min.\" \/>\n<meta property=\"og:url\" content=\"https:\/\/teambha.cz\/en\/product\/online-skupina-rodice-zona-kontroly\/\" \/>\n<meta property=\"og:site_name\" content=\"TEAMBHA\" \/>\n<meta property=\"article:publisher\" content=\"https:\/\/www.facebook.com\/teambhahokej\" \/>\n<meta property=\"article:modified_time\" content=\"2026-01-05T10:57:57+00:00\" \/>\n<meta property=\"og:image\" content=\"https:\/\/teambha.cz\/wp-content\/uploads\/2025\/02\/Rodice.webp\" \/>\n\t<meta property=\"og:image:width\" content=\"1620\" \/>\n\t<meta property=\"og:image:height\" content=\"1524\" \/>\n\t<meta property=\"og:image:type\" content=\"image\/webp\" \/>\n<meta name=\"twitter:card\" content=\"summary_large_image\" \/>\n<meta name=\"twitter:label1\" content=\"Estimated reading time\" \/>\n\t<meta name=\"twitter:data1\" content=\"1 minute\" \/>\n<script type=\"application\/ld+json\" class=\"yoast-schema-graph\">{\"@context\":\"https:\\\/\\\/schema.org\",\"@graph\":[{\"@type\":\"WebPage\",\"@id\":\"https:\\\/\\\/teambha.cz\\\/en\\\/product\\\/online-skupina-rodice-zona-kontroly\\\/\",\"url\":\"https:\\\/\\\/teambha.cz\\\/en\\\/product\\\/online-skupina-rodice-zona-kontroly\\\/\",\"name\":\"Z\u00c1ZNAM ONLINE SKUPINA PRO RODI\u010cE - Z\u00d3NA KONTROLY - TEAMBHA\",\"isPartOf\":{\"@id\":\"https:\\\/\\\/teambha.cz\\\/#website\"},\"primaryImageOfPage\":{\"@id\":\"https:\\\/\\\/teambha.cz\\\/en\\\/product\\\/online-skupina-rodice-zona-kontroly\\\/#primaryimage\"},\"image\":{\"@id\":\"https:\\\/\\\/teambha.cz\\\/en\\\/product\\\/online-skupina-rodice-zona-kontroly\\\/#primaryimage\"},\"thumbnailUrl\":\"https:\\\/\\\/teambha.cz\\\/wp-content\\\/uploads\\\/2025\\\/02\\\/Rodice.webp\",\"datePublished\":\"2025-02-27T19:01:59+00:00\",\"dateModified\":\"2026-01-05T10:57:57+00:00\",\"breadcrumb\":{\"@id\":\"https:\\\/\\\/teambha.cz\\\/en\\\/product\\\/online-skupina-rodice-zona-kontroly\\\/#breadcrumb\"},\"inLanguage\":\"en-GB\",\"potentialAction\":[{\"@type\":\"ReadAction\",\"target\":[\"https:\\\/\\\/teambha.cz\\\/en\\\/product\\\/online-skupina-rodice-zona-kontroly\\\/\"]}]},{\"@type\":\"ImageObject\",\"inLanguage\":\"en-GB\",\"@id\":\"https:\\\/\\\/teambha.cz\\\/en\\\/product\\\/online-skupina-rodice-zona-kontroly\\\/#primaryimage\",\"url\":\"https:\\\/\\\/teambha.cz\\\/wp-content\\\/uploads\\\/2025\\\/02\\\/Rodice.webp\",\"contentUrl\":\"https:\\\/\\\/teambha.cz\\\/wp-content\\\/uploads\\\/2025\\\/02\\\/Rodice.webp\",\"width\":1620,\"height\":1524},{\"@type\":\"BreadcrumbList\",\"@id\":\"https:\\\/\\\/teambha.cz\\\/en\\\/product\\\/online-skupina-rodice-zona-kontroly\\\/#breadcrumb\",\"itemListElement\":[{\"@type\":\"ListItem\",\"position\":1,\"name\":\"Dom\u016f\",\"item\":\"https:\\\/\\\/www.teambha.cz\\\/\"},{\"@type\":\"ListItem\",\"position\":2,\"name\":\"Obchod\",\"item\":\"https:\\\/\\\/www.teambha.cz\\\/obchod\\\/\"},{\"@type\":\"ListItem\",\"position\":3,\"name\":\"Z\u00c1ZNAM ONLINE SKUPINA PRO RODI\u010cE &#8211; Z\u00d3NA KONTROLY\"}]},{\"@type\":\"WebSite\",\"@id\":\"https:\\\/\\\/teambha.cz\\\/#website\",\"url\":\"https:\\\/\\\/teambha.cz\\\/\",\"name\":\"TEAMBHA\",\"description\":\"Brank\u00e1\u0159sk\u00e1 hokejov\u00e1 akademie\",\"publisher\":{\"@id\":\"https:\\\/\\\/teambha.cz\\\/#organization\"},\"potentialAction\":[{\"@type\":\"SearchAction\",\"target\":{\"@type\":\"EntryPoint\",\"urlTemplate\":\"https:\\\/\\\/teambha.cz\\\/?s={search_term_string}\"},\"query-input\":{\"@type\":\"PropertyValueSpecification\",\"valueRequired\":true,\"valueName\":\"search_term_string\"}}],\"inLanguage\":\"en-GB\"},{\"@type\":\"Organization\",\"@id\":\"https:\\\/\\\/teambha.cz\\\/#organization\",\"name\":\"TEAMBHA\",\"url\":\"https:\\\/\\\/teambha.cz\\\/\",\"logo\":{\"@type\":\"ImageObject\",\"inLanguage\":\"en-GB\",\"@id\":\"https:\\\/\\\/teambha.cz\\\/#\\\/schema\\\/logo\\\/image\\\/\",\"url\":\"https:\\\/\\\/teambha.cz\\\/wp-content\\\/uploads\\\/2023\\\/03\\\/Logo_teamBHA.svg\",\"contentUrl\":\"https:\\\/\\\/teambha.cz\\\/wp-content\\\/uploads\\\/2023\\\/03\\\/Logo_teamBHA.svg\",\"width\":161,\"height\":208,\"caption\":\"TEAMBHA\"},\"image\":{\"@id\":\"https:\\\/\\\/teambha.cz\\\/#\\\/schema\\\/logo\\\/image\\\/\"},\"sameAs\":[\"https:\\\/\\\/www.facebook.com\\\/teambhahokej\"]}]}<\/script>\n<!-- \/ Yoast SEO plugin. -->","yoast_head_json":{"title":"Z\u00c1ZNAM ONLINE SKUPINA PRO RODI\u010cE - Z\u00d3NA KONTROLY - TEAMBHA","robots":{"index":"index","follow":"follow","max-snippet":"max-snippet:-1","max-image-preview":"max-image-preview:large","max-video-preview":"max-video-preview:-1"},"canonical":"https:\/\/teambha.cz\/en\/product\/online-skupina-rodice-zona-kontroly\/","og_locale":"en_GB","og_type":"article","og_title":"Z\u00c1ZNAM ONLINE SKUPINA PRO RODI\u010cE - Z\u00d3NA KONTROLY - TEAMBHA","og_description":"Z\u00e1znam online skupiny pro rodi\u010de ze dne 25.2.2025 na t\u00e9ma z\u00f3na kontroly  D\u00e9lka trv\u00e1n\u00ed 1 h 30 min.","og_url":"https:\/\/teambha.cz\/en\/product\/online-skupina-rodice-zona-kontroly\/","og_site_name":"TEAMBHA","article_publisher":"https:\/\/www.facebook.com\/teambhahokej","article_modified_time":"2026-01-05T10:57:57+00:00","og_image":[{"width":1620,"height":1524,"url":"https:\/\/teambha.cz\/wp-content\/uploads\/2025\/02\/Rodice.webp","type":"image\/webp"}],"twitter_card":"summary_large_image","twitter_misc":{"Estimated reading time":"1 minute"},"schema":{"@context":"https:\/\/schema.org","@graph":[{"@type":"WebPage","@id":"https:\/\/teambha.cz\/en\/product\/online-skupina-rodice-zona-kontroly\/","url":"https:\/\/teambha.cz\/en\/product\/online-skupina-rodice-zona-kontroly\/","name":"Z\u00c1ZNAM ONLINE SKUPINA PRO RODI\u010cE - Z\u00d3NA KONTROLY - TEAMBHA","isPartOf":{"@id":"https:\/\/teambha.cz\/#website"},"primaryImageOfPage":{"@id":"https:\/\/teambha.cz\/en\/product\/online-skupina-rodice-zona-kontroly\/#primaryimage"},"image":{"@id":"https:\/\/teambha.cz\/en\/product\/online-skupina-rodice-zona-kontroly\/#primaryimage"},"thumbnailUrl":"https:\/\/teambha.cz\/wp-content\/uploads\/2025\/02\/Rodice.webp","datePublished":"2025-02-27T19:01:59+00:00","dateModified":"2026-01-05T10:57:57+00:00","breadcrumb":{"@id":"https:\/\/teambha.cz\/en\/product\/online-skupina-rodice-zona-kontroly\/#breadcrumb"},"inLanguage":"en-GB","potentialAction":[{"@type":"ReadAction","target":["https:\/\/teambha.cz\/en\/product\/online-skupina-rodice-zona-kontroly\/"]}]},{"@type":"ImageObject","inLanguage":"en-GB","@id":"https:\/\/teambha.cz\/en\/product\/online-skupina-rodice-zona-kontroly\/#primaryimage","url":"https:\/\/teambha.cz\/wp-content\/uploads\/2025\/02\/Rodice.webp","contentUrl":"https:\/\/teambha.cz\/wp-content\/uploads\/2025\/02\/Rodice.webp","width":1620,"height":1524},{"@type":"BreadcrumbList","@id":"https:\/\/teambha.cz\/en\/product\/online-skupina-rodice-zona-kontroly\/#breadcrumb","itemListElement":[{"@type":"ListItem","position":1,"name":"Dom\u016f","item":"https:\/\/www.teambha.cz\/"},{"@type":"ListItem","position":2,"name":"Obchod","item":"https:\/\/www.teambha.cz\/obchod\/"},{"@type":"ListItem","position":3,"name":"Z\u00c1ZNAM ONLINE SKUPINA PRO RODI\u010cE &#8211; Z\u00d3NA KONTROLY"}]},{"@type":"WebSite","@id":"https:\/\/teambha.cz\/#website","url":"https:\/\/teambha.cz\/","name":"TEAMBHA","description":"Brank\u00e1\u0159sk\u00e1 hokejov\u00e1 akademie","publisher":{"@id":"https:\/\/teambha.cz\/#organization"},"potentialAction":[{"@type":"SearchAction","target":{"@type":"EntryPoint","urlTemplate":"https:\/\/teambha.cz\/?s={search_term_string}"},"query-input":{"@type":"PropertyValueSpecification","valueRequired":true,"valueName":"search_term_string"}}],"inLanguage":"en-GB"},{"@type":"Organization","@id":"https:\/\/teambha.cz\/#organization","name":"TEAMBHA","url":"https:\/\/teambha.cz\/","logo":{"@type":"ImageObject","inLanguage":"en-GB","@id":"https:\/\/teambha.cz\/#\/schema\/logo\/image\/","url":"https:\/\/teambha.cz\/wp-content\/uploads\/2023\/03\/Logo_teamBHA.svg","contentUrl":"https:\/\/teambha.cz\/wp-content\/uploads\/2023\/03\/Logo_teamBHA.svg","width":161,"height":208,"caption":"TEAMBHA"},"image":{"@id":"https:\/\/teambha.cz\/#\/schema\/logo\/image\/"},"sameAs":["https:\/\/www.facebook.com\/teambhahokej"]}]}},"_links":{"self":[{"href":"https:\/\/teambha.cz\/en\/wp-json\/wp\/v2\/product\/15304","targetHints":{"allow":["GET"]}}],"collection":[{"href":"https:\/\/teambha.cz\/en\/wp-json\/wp\/v2\/product"}],"about":[{"href":"https:\/\/teambha.cz\/en\/wp-json\/wp\/v2\/types\/product"}],"wp:featuredmedia":[{"embeddable":true,"href":"https:\/\/teambha.cz\/en\/wp-json\/wp\/v2\/media\/15305"}],"wp:attachment":[{"href":"https:\/\/teambha.cz\/en\/wp-json\/wp\/v2\/media?parent=15304"}],"wp:term":[{"taxonomy":"product_brand","embeddable":true,"href":"https:\/\/teambha.cz\/en\/wp-json\/wp\/v2\/product_brand?post=15304"},{"taxonomy":"product_cat","embeddable":true,"href":"https:\/\/teambha.cz\/en\/wp-json\/wp\/v2\/product_cat?post=15304"},{"taxonomy":"product_tag","embeddable":true,"href":"https:\/\/teambha.cz\/en\/wp-json\/wp\/v2\/product_tag?post=15304"}],"curies":[{"name":"wp","href":"https:\/\/api.w.org\/{rel}","templated":true}]}}